{"id":933,"date":"2018-04-30T23:56:08","date_gmt":"2018-04-30T21:56:08","guid":{"rendered":"http:\/\/themebubble.com\/demo\/hotelluxe\/?page_id=933"},"modified":"2019-05-09T16:40:10","modified_gmt":"2019-05-09T14:40:10","slug":"lavilla","status":"publish","type":"page","link":"https:\/\/villafavoritanoto.it\/fr\/lavilla\/","title":{"rendered":"La Ville"},"content":{"rendered":"<div data-vc-full-width=\"true\" data-vc-full-width-init=\"false\" data-vc-stretch-content=\"true\" class=\"vc_row wpb_row vc_row-fluid vc_custom_1551436368616 vc_row-has-fill vc_row-no-padding\"><div class=\"wpb_column vc_column_container vc_col-sm-12\"><div class=\"vc_column-inner\"><div class=\"wpb_wrapper\"><\/div><\/div><\/div><\/div><div class=\"vc_row-full-width vc_clearfix\"><\/div><div data-vc-full-width=\"true\" data-vc-full-width-init=\"false\" data-vc-stretch-content=\"true\" class=\"vc_row wpb_row vc_row-fluid vc_row-no-padding\"><div class=\"wpb_column vc_column_container vc_col-sm-12\"><div class=\"vc_column-inner\"><div class=\"wpb_wrapper\"><div  class=\"empty-space  marg-lg-b75 marg-xs-b50\"><\/div><\/div><\/div><\/div><\/div><div class=\"vc_row-full-width vc_clearfix\"><\/div><div class=\"vc_row wpb_row vc_row-fluid\"><div class=\"wpb_column vc_column_container vc_col-sm-2\"><div class=\"vc_column-inner\"><div class=\"wpb_wrapper\"><\/div><\/div><\/div><div class=\"wpb_column vc_column_container vc_col-sm-8\"><div class=\"vc_column-inner\"><div class=\"wpb_wrapper\"><div  class=\"home_textspecial-text\" style=\" font-weight:300;\"><div class=\"gdlr-item gdlr-content-item\">\n<p style=\"text-align: center;\">Le Relais Villa Favorita, situ\u00e9 dans la Val di Noto en Sicile, a \u00e9t\u00e9 fond\u00e9e avec la transformation de l\u2019ancienne Villa du XVIIIe si\u00e8cle appartenant \u00e0 la famille Di Lorenzo, barons de Granieri et marquis de Castelluccio. Maintenant la Villa est g\u00e9r\u00e9e par les descendants de la m\u00eame famille.\n\nL\u2019entr\u00e9e principale, avec son avenue d\u2019amantiers, annonce le caract\u00e8re unique du Relais Villa Favorita. Les chambres, comme le reste de la structure, conservent le charme de l\u2019ancienne maison r\u00e9nov\u00e9e avec soin en respectant l\u2019am\u00e9nagement architectural et les contraintes requises par le minist\u00e8re des biens culturels. Le restaurant, avec une grande salle \u00e0 manger, dispose aussi d\u2019une grande terrasse plong\u00e9e dans une plantation d\u2019agrumes et \u00e0 partir de laquelle est visible la mer.\n\nLa cuisine propose un menu \u00e0 la carte avec des plats et des produits KM0, principalement de propre production, et des vins locaux. Le grand espace d\u00e9di\u00e9 \u00e0 la piscine offre une vue unique sur la ville baroque de Noto. Le jardin \u00e0 l\u2019italienne compl\u00e8te l\u2019atmosph\u00e8re de relax qui caract\u00e9rise l\u2019ensemble de la structure. Il y a aussi une chapelle priv\u00e9e d\u00e9di\u00e9e \u00e0 Sainte-Agn\u00e8s.<br \/>\nLe Relais se trouve \u00e0 2,5 km de Noto, capitale du baroque sicilien et patrimoine mondial de l\u2019<a title=\"Go to Unesco.org\" href=\"http:\/\/whc.unesco.org\/en\/list\/1024\" target=\"_blank\" rel=\"noopener noreferrer\">UNESCO<\/a> depuis 2002. La mer est \u00e0 seulement cinq minutes et offre des plages \u00e9quip\u00e9es et gratuites o\u00f9 il sera possible d\u2019appr\u00e9cier les incomparables couleurs de la M\u00e9diterran\u00e9e.<br \/>\nL\u2019ancienne demeure, avec ses caract\u00e9ristiques uniques, est un lieu id\u00e9al pour un s\u00e9jour entre les parfums, les couleurs et les saveurs typiques de la Sicile. La Villa b\u00e9n\u00e9ficie d\u2019un emplacement particuli\u00e8rement strat\u00e9gique qui permet de d\u00e9couvrir le sud-est de la Sicile, ses c\u00f4tes et toute la beaut\u00e9 du baroque tardif de la Val di Noto.<\/p>\n<\/div>\n<\/div><div  class=\"empty-space  marg-lg-b65 marg-xs-b50\"><\/div><\/div><\/div><\/div><div class=\"wpb_column vc_column_container vc_col-sm-2\"><div class=\"vc_column-inner\"><div class=\"wpb_wrapper\"><\/div><\/div><\/div><\/div><div id=\"villa1\" class=\"vc_row wpb_row vc_row-fluid\"><div class=\"wpb_column vc_column_container vc_col-sm-6\"><div class=\"vc_column-inner\"><div class=\"wpb_wrapper\"><img decoding=\"async\"  class=\"img-responsive\" src=\"https:\/\/villafavoritanoto.it\/wp-content\/uploads\/2019\/05\/MG_5037.jpg\" alt=\"\"><\/div><\/div><\/div><div class=\"wpb_column vc_column_container vc_col-sm-6\"><div class=\"vc_column-inner\"><div class=\"wpb_wrapper\"><div class=\"hb-divider__seperator\"><\/div><div  class=\"title_headspecial-text\" style=\" font-weight:300;\"><p style=\"text-align: center;\">l'historie de la Villa<\/p>\n<\/div><div class=\"hb-divider__seperator\"><\/div><div  class=\"empty-space  marg-xs-b20\"><\/div><div  class=\"box_headspecial-text\" style=\" font-weight:300;\"><p>Situ\u00e9 sur le \u201cchemin de la mer\u201d c\u2019est la premi\u00e8re r\u00e9sidence historique que l\u2019on croise sur la route qui m\u00e8ne de Noto au port maritime de Calabernardo.\n\nL\u2019ancien fief Falconara, sur lequel Villa Favorita sera situ\u00e9e, au moment du s\u00e9isme, en 1693, appartenait \u00e0 \u201cl\u2019Etat d\u2019Avola\u201d. Il \u00e9tait cependant d\u00e9tenu par la famille Pignatelli Aragona Cort\u00e9s, marquis d\u2019Avola, que depuis 1606 avait accord\u00e9 la r\u00e9partition du fief entre les diff\u00e9rentes familles de Noto et celle des Astuto.\n\nVilla Favorita, dans son ensemble, est compos\u00e9e de trois b\u00e2timents qui, de fa\u00e7on ind\u00e9pendante, se dressent \u00e0 c\u00f4t\u00e9 de la m\u00eame court. Le premier b\u00e2timent, avec l\u2019usine annexe, est dat\u00e9 1752 et, \u00e0 l\u2019origine, \u00e9tait utilis\u00e9 comme maison de vacances.  La conception architecturale suit les principes de la Renaissance, ce qui a permit de relier le projet au style de l\u2019architecte \u201cnetino\u201d Paolo Labisi.<br \/>\nLa fa\u00e7ade principale du b\u00e2timent est compos\u00e9 du rez-de-chauss\u00e9e surmont\u00e9 d\u2019une grande terrasse avec trois ouvertures appartenantes au premier \u00e9tage et couronn\u00e9es de frontons suivant le gout palladien.\n\nSur le cot\u00e9 Est du b\u00e2timent est situ\u00e9e une chapelle qui, \u00e0 l\u2019origine, avait un petit d\u00f4me perdu dans le temps.\n\nAu XIXe si\u00e8cle, la villa et les terres environnantes furent achet\u00e9s par la famille Di Lorenzo, barons de Granieri et marquis de Castelluccio, qui \u00e9tablirent en 1882 la troisi\u00e8me partie du b\u00e2timent appel\u00e9e Villa Granieri, plac\u00e9e entre la villa du XVIIIe si\u00e8cle et l\u2019usine.<\/p>\n<p>Giulia Dejean (1850-1932), mari\u00e9e en secondes noces avec Giovanni Di Lorenzo Cannizzaro, marquis de Castelluccio, h\u00e9rite les trois b\u00e2timents, elle accomplit une restructuration qui les ram\u00e8nent \u00e0 leur ancienne gloire et restaure la petite chapelle en la consacrant au culte de Sainte Agn\u00e8s, vierge et martyr dont la famille Di Lorenzo a toujours \u00e9t\u00e9 d\u00e9di\u00e9e.\n\nEn 1932 elle offre la villa \u00e0 sa famille jusqu\u2019\u00e0 arriver, selon le respect de la volont\u00e9 testamentaire, \u00e0 son h\u00e9ritier et propri\u00e9taire actuel.<\/p>\n<p>(da \u201cLE VILLE DEI GATTOPARDI \u2013 Ville storiche Siciliane Del Val Di Noto\u201d, di FRANCESCA GRINGERI PANTANO)<\/p>\n<\/div><\/div><\/div><\/div><\/div><div id=\"villa2\" class=\"vc_row wpb_row vc_row-fluid\"><div class=\"wpb_column vc_column_container vc_col-sm-6\"><div class=\"vc_column-inner\"><div class=\"wpb_wrapper\"><div class=\"hb-divider__seperator\"><\/div><div  class=\"title_headspecial-text\" style=\" font-weight:300;\"><p style=\"text-align: center;\">hospitalit\u00e9<\/p>\n<\/div><div class=\"hb-divider__seperator\"><\/div><div  class=\"empty-space  marg-xs-b20\"><\/div><div  class=\"box_headspecial-text\" style=\" font-weight:300;\"><p>La Villa Favorita, cr\u00e9\u00e9e comme maison de vacances, a toujours appartenu \u00e0 notre famille. Mes grands-parents d\u00e9m\u00e9nag\u00e9s chaque ann\u00e9e pendant les mois d'\u00e9t\u00e9.<\/p>\n<p>Au cours de la Seconde Guerre mondiale, afin d\u2019\u00e9viter les pillages, ils ont d\u00e9cid\u00e9 d\u2019enlever tous les meubles et les d\u00e9corations les plus importants et de mur\u00e9 portes et fen\u00eatres. La villa est rest\u00e9e dans un \u00e9tat de n\u00e9gligence pendant presque soixante ans. Il y a quinze ans, le courage et l'initiative de mes parents l'ont ramen\u00e9 \u00e0 son ancienne gloire.<\/p>\n<p>Depuis lors, notre intention est de pr\u00e9server et de mettre en valeur ce patrimoine historique en partageant son atmosph\u00e8re et son charme avec nos h\u00f4tes.<\/p>\n<\/div><\/div><\/div><\/div><div class=\"wpb_column vc_column_container vc_col-sm-6\"><div class=\"vc_column-inner\"><div class=\"wpb_wrapper\"><img decoding=\"async\"  class=\"img-responsive\" src=\"https:\/\/villafavoritanoto.it\/wp-content\/uploads\/2019\/05\/MG_4575.jpg\" alt=\"\"><\/div><\/div><\/div><\/div>","protected":false},"excerpt":{"rendered":"Il Relais Villa Favorita, situato nella Val di Noto in Sicilia, nasce con la riconversione della villa storica del settecento di propriet\u00e0 della famiglia Di Lorenzo baroni di Granieri e marchesi del Castelluccio. Ad oggi la Villa \u00e8 gestita dalla discendenza della stessa famiglia. L\u2019ingresso padronale con il suo viale di mandorli annuncia l\u2019unicit\u00e0 del [...]","protected":false},"author":1,"featured_media":0,"parent":0,"menu_order":0,"comment_status":"closed","ping_status":"closed","template":"","meta":{"footnotes":""},"class_list":["post-933","page","type-page","status-publish","hentry"],"_links":{"self":[{"href":"https:\/\/villafavoritanoto.it\/fr\/wp-json\/wp\/v2\/pages\/933","targetHints":{"allow":["GET"]}}],"collection":[{"href":"https:\/\/villafavoritanoto.it\/fr\/wp-json\/wp\/v2\/pages"}],"about":[{"href":"https:\/\/villafavoritanoto.it\/fr\/wp-json\/wp\/v2\/types\/page"}],"author":[{"embeddable":true,"href":"https:\/\/villafavoritanoto.it\/fr\/wp-json\/wp\/v2\/users\/1"}],"replies":[{"embeddable":true,"href":"https:\/\/villafavoritanoto.it\/fr\/wp-json\/wp\/v2\/comments?post=933"}],"version-history":[{"count":16,"href":"https:\/\/villafavoritanoto.it\/fr\/wp-json\/wp\/v2\/pages\/933\/revisions"}],"predecessor-version":[{"id":29435,"href":"https:\/\/villafavoritanoto.it\/fr\/wp-json\/wp\/v2\/pages\/933\/revisions\/29435"}],"wp:attachment":[{"href":"https:\/\/villafavoritanoto.it\/fr\/wp-json\/wp\/v2\/media?parent=933"}],"curies":[{"name":"wp","href":"https:\/\/api.w.org\/{rel}","templated":true}]}}