{"id":30082,"date":"2025-05-07T12:55:33","date_gmt":"2025-05-07T10:55:33","guid":{"rendered":"https:\/\/villafavoritanoto.it\/?page_id=30082"},"modified":"2025-05-20T17:54:15","modified_gmt":"2025-05-20T15:54:15","slug":"contattaci","status":"publish","type":"page","link":"https:\/\/villafavoritanoto.it\/fr\/contattaci\/","title":{"rendered":"Contact"},"content":{"rendered":"<div data-elementor-type=\"wp-page\" data-elementor-id=\"30082\" class=\"elementor elementor-30082\" data-elementor-post-type=\"page\">\n\t\t\t\t<div class=\"elementor-element elementor-element-bb43261 e-flex e-con-boxed e-con e-parent\" data-id=\"bb43261\" data-element_type=\"container\" data-settings=\"{&quot;background_background&quot;:&quot;classic&quot;}\">\n\t\t\t\t\t<div class=\"e-con-inner\">\n\t\t\t\t<div class=\"elementor-element elementor-element-8f028ae elementor-widget__width-initial elementor-widget elementor-widget-heading\" data-id=\"8f028ae\" data-element_type=\"widget\" data-widget_type=\"heading.default\">\n\t\t\t\t<div class=\"elementor-widget-container\">\n\t\t\t\t\t<h2 class=\"elementor-heading-title elementor-size-default\">Contact<\/h2>\t\t\t\t<\/div>\n\t\t\t\t<\/div>\n\t\t\t\t\t<\/div>\n\t\t\t\t<\/div>\n\t\t<div class=\"elementor-element elementor-element-66aa9f8 e-flex e-con-boxed e-con e-parent\" data-id=\"66aa9f8\" data-element_type=\"container\">\n\t\t\t\t\t<div class=\"e-con-inner\">\n\t\t<div class=\"elementor-element elementor-element-a962980 e-con-full e-flex e-con e-child\" data-id=\"a962980\" data-element_type=\"container\">\n\t\t\t\t<div class=\"elementor-element elementor-element-ea4c622 elementor-widget elementor-widget-heading\" data-id=\"ea4c622\" data-element_type=\"widget\" data-widget_type=\"heading.default\">\n\t\t\t\t<div class=\"elementor-widget-container\">\n\t\t\t\t\t<h2 class=\"elementor-heading-title elementor-size-default\">Notre emplacement<\/h2>\t\t\t\t<\/div>\n\t\t\t\t<\/div>\n\t\t\t\t<div class=\"elementor-element elementor-element-c358ccb elementor-widget elementor-widget-text-editor\" data-id=\"c358ccb\" data-element_type=\"widget\" data-widget_type=\"text-editor.default\">\n\t\t\t\t<div class=\"elementor-widget-container\">\n\t\t\t\t\t\t\t\t\t<p>Entre Noto et la mer<\/p>\t\t\t\t\t\t\t\t<\/div>\n\t\t\t\t<\/div>\n\t\t\t\t<div class=\"elementor-element elementor-element-3252678 elementor-widget elementor-widget-text-editor\" data-id=\"3252678\" data-element_type=\"widget\" data-widget_type=\"text-editor.default\">\n\t\t\t\t<div class=\"elementor-widget-container\">\n\t\t\t\t\t\t\t\t\t<p>L\u2019ancienne demeure, avec ses caract\u00e9ristiques uniques, est un lieu id\u00e9al pour un s\u00e9jour entre les parfums, les couleurs et les saveurs typiques de la Sicile. La Villa b\u00e9n\u00e9ficie d\u2019un emplacement particuli\u00e8rement strat\u00e9gique qui permet de d\u00e9couvrir le sud-est de la Sicile, ses c\u00f4tes et toute la beaut\u00e9 du baroque tardif de la Val di Noto.<\/p>\t\t\t\t\t\t\t\t<\/div>\n\t\t\t\t<\/div>\n\t\t\t\t<\/div>\n\t\t<div class=\"elementor-element elementor-element-3ef643f e-con-full e-flex e-con e-child\" data-id=\"3ef643f\" data-element_type=\"container\">\n\t\t\t\t<div class=\"elementor-element elementor-element-d38c2c3 elementor-arrows-position-inside elementor-pagination-position-outside elementor-widget elementor-widget-image-carousel\" data-id=\"d38c2c3\" data-element_type=\"widget\" data-settings=\"{&quot;slides_to_show&quot;:&quot;1&quot;,&quot;navigation&quot;:&quot;both&quot;,&quot;autoplay&quot;:&quot;yes&quot;,&quot;pause_on_hover&quot;:&quot;yes&quot;,&quot;pause_on_interaction&quot;:&quot;yes&quot;,&quot;autoplay_speed&quot;:5000,&quot;infinite&quot;:&quot;yes&quot;,&quot;effect&quot;:&quot;slide&quot;,&quot;speed&quot;:500}\" data-widget_type=\"image-carousel.default\">\n\t\t\t\t<div class=\"elementor-widget-container\">\n\t\t\t\t\t\t\t<div class=\"elementor-image-carousel-wrapper swiper\" role=\"region\" aria-roledescription=\"carousel\" aria-label=\"Carrousel d&#039;images\" dir=\"ltr\">\n\t\t\t<div class=\"elementor-image-carousel swiper-wrapper swiper-image-stretch\" aria-live=\"off\">\n\t\t\t\t\t\t\t\t<div class=\"swiper-slide\" role=\"group\" aria-roledescription=\"slide\" aria-label=\"1 de 1\"><figure class=\"swiper-slide-inner\"><img decoding=\"async\" class=\"swiper-slide-image\" src=\"https:\/\/villafavoritanoto.it\/wp-content\/uploads\/2018\/04\/ingresso.jpg\" alt=\"entr\u00e9e\" \/><\/figure><\/div>\t\t\t<\/div>\n\t\t\t\t\t<\/div>\n\t\t\t\t\t\t<\/div>\n\t\t\t\t<\/div>\n\t\t\t\t<\/div>\n\t\t\t\t\t<\/div>\n\t\t\t\t<\/div>\n\t\t<div class=\"elementor-element elementor-element-14fc2b9 e-flex e-con-boxed e-con e-parent\" data-id=\"14fc2b9\" data-element_type=\"container\">\n\t\t\t\t\t<div class=\"e-con-inner\">\n\t\t\t\t<div class=\"elementor-element elementor-element-bc1771f elementor-widget elementor-widget-text-editor\" data-id=\"bc1771f\" data-element_type=\"widget\" data-widget_type=\"text-editor.default\">\n\t\t\t\t<div class=\"elementor-widget-container\">\n\t\t\t\t\t\t\t\t\t<p>La Villa se trouve \u00e0 2,5 km de Noto, capitale du baroque sicilien et class\u00e9e au patrimoine mondial de l\u2019UNESCO.<\/p>\t\t\t\t\t\t\t\t<\/div>\n\t\t\t\t<\/div>\n\t\t<div class=\"elementor-element elementor-element-308908a e-con-full e-flex e-con e-child\" data-id=\"308908a\" data-element_type=\"container\">\n\t\t<div class=\"elementor-element elementor-element-efe76bc e-con-full e-flex e-con e-child\" data-id=\"efe76bc\" data-element_type=\"container\">\n\t\t\t\t<div class=\"elementor-element elementor-element-c030ea9 elementor-widget elementor-widget-heading\" data-id=\"c030ea9\" data-element_type=\"widget\" data-widget_type=\"heading.default\">\n\t\t\t\t<div class=\"elementor-widget-container\">\n\t\t\t\t\t<h2 class=\"elementor-heading-title elementor-size-default\">Adresse<\/h2>\t\t\t\t<\/div>\n\t\t\t\t<\/div>\n\t\t\t\t<div class=\"elementor-element elementor-element-97c05c1 elementor-widget elementor-widget-heading\" data-id=\"97c05c1\" data-element_type=\"widget\" data-widget_type=\"heading.default\">\n\t\t\t\t<div class=\"elementor-widget-container\">\n\t\t\t\t\t<h2 class=\"elementor-heading-title elementor-size-default\">Telephone<\/h2>\t\t\t\t<\/div>\n\t\t\t\t<\/div>\n\t\t\t\t<div class=\"elementor-element elementor-element-8050244 elementor-widget elementor-widget-heading\" data-id=\"8050244\" data-element_type=\"widget\" data-widget_type=\"heading.default\">\n\t\t\t\t<div class=\"elementor-widget-container\">\n\t\t\t\t\t<h2 class=\"elementor-heading-title elementor-size-default\">E-MAIL<\/h2>\t\t\t\t<\/div>\n\t\t\t\t<\/div>\n\t\t\t\t<\/div>\n\t\t<div class=\"elementor-element elementor-element-6e8c092 e-con-full e-flex e-con e-child\" data-id=\"6e8c092\" data-element_type=\"container\">\n\t\t\t\t<div class=\"elementor-element elementor-element-1d6773d elementor-widget elementor-widget-text-editor\" data-id=\"1d6773d\" data-element_type=\"widget\" data-widget_type=\"text-editor.default\">\n\t\t\t\t<div class=\"elementor-widget-container\">\n\t\t\t\t\t\t\t\t\tP34, SNC, 96017 Noto SR, Italia\t\t\t\t\t\t\t\t<\/div>\n\t\t\t\t<\/div>\n\t\t\t\t<div class=\"elementor-element elementor-element-e5f7c15 elementor-widget elementor-widget-text-editor\" data-id=\"e5f7c15\" data-element_type=\"widget\" data-widget_type=\"text-editor.default\">\n\t\t\t\t<div class=\"elementor-widget-container\">\n\t\t\t\t\t\t\t\t\t<p>+39 0931 820219 \u2013 +39 334 6516580<\/p>\t\t\t\t\t\t\t\t<\/div>\n\t\t\t\t<\/div>\n\t\t\t\t<div class=\"elementor-element elementor-element-7029220 elementor-widget elementor-widget-text-editor\" data-id=\"7029220\" data-element_type=\"widget\" data-widget_type=\"text-editor.default\">\n\t\t\t\t<div class=\"elementor-widget-container\">\n\t\t\t\t\t\t\t\t\tinfo@villafavoritanoto.it\t\t\t\t\t\t\t\t<\/div>\n\t\t\t\t<\/div>\n\t\t\t\t<\/div>\n\t\t<div class=\"elementor-element elementor-element-080b5d3 e-con-full e-flex e-con e-child\" data-id=\"080b5d3\" data-element_type=\"container\">\n\t\t\t\t<div class=\"elementor-element elementor-element-af7ea88 elementor-widget elementor-widget-google_maps\" data-id=\"af7ea88\" data-element_type=\"widget\" data-widget_type=\"google_maps.default\">\n\t\t\t\t<div class=\"elementor-widget-container\">\n\t\t\t\t\t\t\t<div class=\"elementor-custom-embed\">\n\t\t\t<iframe loading=\"lazy\"\n\t\t\t\t\tsrc=\"https:\/\/maps.google.com\/maps?q=Villa%20Favorita%20Relais%2C%20SP34%2C%2096017%20Noto%20SR&#038;t=m&#038;z=13&#038;output=embed&#038;iwloc=near\"\n\t\t\t\t\ttitle=\"Villa Favorita Relais, SP34, 96017 Noto SR\"\n\t\t\t\t\taria-label=\"Villa Favorita Relais, SP34, 96017 Noto SR\"\n\t\t\t><\/iframe>\n\t\t<\/div>\n\t\t\t\t\t\t<\/div>\n\t\t\t\t<\/div>\n\t\t\t\t<\/div>\n\t\t\t\t<\/div>\n\t\t\t\t\t<\/div>\n\t\t\t\t<\/div>\n\t\t\t\t<\/div>","protected":false},"excerpt":{"rendered":"<p>Contatti LA NOSTRA LOCATION Tra Noto e il mare L\u2019antica dimora, con le sue caratteristiche \u00e8 un luogo ideale, per un soggiorno tra i profumi, i colori e i sapori tipici della Sicilia. La Villa si trova in una posizione strategica particolare che permette di scoprire la Sicilia sud-orientale, le sue coste e tutta la [&hellip;]<\/p>","protected":false},"author":1,"featured_media":0,"parent":0,"menu_order":0,"comment_status":"closed","ping_status":"closed","template":"elementor_header_footer","meta":{"footnotes":""},"class_list":["post-30082","page","type-page","status-publish","hentry"],"_links":{"self":[{"href":"https:\/\/villafavoritanoto.it\/fr\/wp-json\/wp\/v2\/pages\/30082","targetHints":{"allow":["GET"]}}],"collection":[{"href":"https:\/\/villafavoritanoto.it\/fr\/wp-json\/wp\/v2\/pages"}],"about":[{"href":"https:\/\/villafavoritanoto.it\/fr\/wp-json\/wp\/v2\/types\/page"}],"author":[{"embeddable":true,"href":"https:\/\/villafavoritanoto.it\/fr\/wp-json\/wp\/v2\/users\/1"}],"replies":[{"embeddable":true,"href":"https:\/\/villafavoritanoto.it\/fr\/wp-json\/wp\/v2\/comments?post=30082"}],"version-history":[{"count":26,"href":"https:\/\/villafavoritanoto.it\/fr\/wp-json\/wp\/v2\/pages\/30082\/revisions"}],"predecessor-version":[{"id":30468,"href":"https:\/\/villafavoritanoto.it\/fr\/wp-json\/wp\/v2\/pages\/30082\/revisions\/30468"}],"wp:attachment":[{"href":"https:\/\/villafavoritanoto.it\/fr\/wp-json\/wp\/v2\/media?parent=30082"}],"curies":[{"name":"wp","href":"https:\/\/api.w.org\/{rel}","templated":true}]}}