{"id":29102,"date":"2019-03-12T13:40:06","date_gmt":"2019-03-12T12:40:06","guid":{"rendered":"http:\/\/1c3gsvebo.preview.infomaniak.website\/?page_id=29102"},"modified":"2019-05-09T16:40:32","modified_gmt":"2019-05-09T14:40:32","slug":"gastronomia","status":"publish","type":"page","link":"https:\/\/villafavoritanoto.it\/fr\/gastronomia\/","title":{"rendered":"Gastronomie"},"content":{"rendered":"<div data-vc-full-width=\"true\" data-vc-full-width-init=\"false\" data-vc-stretch-content=\"true\" class=\"vc_row wpb_row vc_row-fluid vc_custom_1551436368616 vc_row-has-fill vc_row-no-padding\"><div class=\"wpb_column vc_column_container vc_col-sm-12\"><div class=\"vc_column-inner\"><div class=\"wpb_wrapper\"><\/div><\/div><\/div><\/div><div class=\"vc_row-full-width vc_clearfix\"><\/div><div data-vc-full-width=\"true\" data-vc-full-width-init=\"false\" data-vc-stretch-content=\"true\" class=\"vc_row wpb_row vc_row-fluid vc_row-no-padding\"><div class=\"wpb_column vc_column_container vc_col-sm-12\"><div class=\"vc_column-inner\"><div class=\"wpb_wrapper\"><div  class=\"empty-space  marg-lg-b75 marg-xs-b50\"><\/div><\/div><\/div><\/div><\/div><div class=\"vc_row-full-width vc_clearfix\"><\/div><div class=\"vc_row wpb_row vc_row-fluid\"><div class=\"wpb_column vc_column_container vc_col-sm-2\"><div class=\"vc_column-inner\"><div class=\"wpb_wrapper\"><\/div><\/div><\/div><div class=\"wpb_column vc_column_container vc_col-sm-8\"><div class=\"vc_column-inner\"><div class=\"wpb_wrapper\"><div  class=\"home_textspecial-text\" style=\" font-weight:300;\"><div class=\"gdlr-item gdlr-content-item\" style=\"text-align: center;\">Le Relais Villa Favorita dispose d\u2019une cuisine fid\u00e8le \u00e0 la tradition sicilienne locale, enrichie par de v\u00e9ritables produits de leur potager ou km0.  Le buffet du petit d\u00e9jeuner continental (sucr\u00e9 ou sal\u00e9), avec caf\u00e9 expresso sur demande, est caract\u00e9ris\u00e9 par une large gamme de produits locaux et de g\u00e2teaux faits maison. Le restaurant, qui dispose d\u2019un grand espace int\u00e9rieur et d\u2019une belle terrasse sur une plantation d\u2019agrumes, propose un menu \u00e0 la carte soit pour le d\u00e9jeuner que pour le d\u00eener. Le vin Nero d\u2019Avola et l\u2019Inzolia, tels que l\u2019huile d\u2019olive vierge extra, sont de propre production depuis des g\u00e9n\u00e9rations.<\/div>\n<\/div><div  class=\"empty-space  marg-lg-b65 marg-xs-b50\"><\/div><\/div><\/div><\/div><div class=\"wpb_column vc_column_container vc_col-sm-2\"><div class=\"vc_column-inner\"><div class=\"wpb_wrapper\"><\/div><\/div><\/div><\/div><div id=\"villa1\" class=\"vc_row wpb_row vc_row-fluid\"><div class=\"wpb_column vc_column_container vc_col-sm-6\"><div class=\"vc_column-inner\"><div class=\"wpb_wrapper\"><img decoding=\"async\"  class=\"img-responsive\" src=\"https:\/\/villafavoritanoto.it\/wp-content\/uploads\/2019\/03\/DSCF1305.jpg\" alt=\"\"><\/div><\/div><\/div><div class=\"wpb_column vc_column_container vc_col-sm-6\"><div class=\"vc_column-inner\"><div class=\"wpb_wrapper\"><div class=\"hb-divider__seperator\"><\/div><div  class=\"title_headspecial-text\" style=\" font-weight:300;\"><p style=\"text-align: center;\">Notre huile<\/p>\n<\/div><div class=\"hb-divider__seperator\"><\/div><div  class=\"empty-space  marg-xs-b20\"><\/div><div  class=\"box_headspecial-text\" style=\" font-weight:300;\"><p>L\u2019huile est le fruit des oliviers qui sont au Relais et de notre terrain situ\u00e9 au-del\u00e0 de la route. \u00c0 l\u2019origine notre propre production fut cr\u00e9e exclusivement pour un usage familial et au fur et \u00e0 mesure elle a grandi jusqu\u2019\u00e0 devenir la seule source utilis\u00e9e au Relais.<\/p>\n<p>Notre huile d\u2019olive vierge extra est caract\u00e9ris\u00e9 par un go\u00fbt authentique et d\u00e9licat.<\/p>\n<\/div><\/div><\/div><\/div><\/div><div id=\"villa2\" class=\"vc_row wpb_row vc_row-fluid\"><div class=\"wpb_column vc_column_container vc_col-sm-6\"><div class=\"vc_column-inner\"><div class=\"wpb_wrapper\"><div class=\"hb-divider__seperator\"><\/div><div  class=\"title_headspecial-text\" style=\" font-weight:300;\"><p style=\"text-align: center;\">Notre vin<\/p>\n<\/div><div class=\"hb-divider__seperator\"><\/div><div  class=\"empty-space  marg-xs-b20\"><\/div><div  class=\"box_headspecial-text\" style=\" font-weight:300;\"><p>Nous produisons notre propre vin depuis 30 ans seulement avec des raisins de la Val di Noto: l\u2019Inzolia et le Nero d\u2019Avola. Derri\u00e8re cette production se cache une grande passion pour le vin et une grande connaissance des caract\u00e9ristiques particuli\u00e8res de notre territoire.<\/p>\n<p>La carte des vins laisse la place aux petits producteurs qui travaillent dans ce domaine et tient compte de tous les diff\u00e9rentes saveurs de la Sicile.<\/p>\n<\/div><\/div><\/div><\/div><div class=\"wpb_column vc_column_container vc_col-sm-6\"><div class=\"vc_column-inner\"><div class=\"wpb_wrapper\"><img decoding=\"async\"  class=\"img-responsive\" src=\"https:\/\/villafavoritanoto.it\/wp-content\/uploads\/2019\/03\/DSCF1287-e1486124309184-1.jpg\" alt=\"\"><\/div><\/div><\/div><\/div><div id=\"villa3\" class=\"vc_row wpb_row vc_row-fluid\"><div class=\"wpb_column vc_column_container vc_col-sm-6\"><div class=\"vc_column-inner\"><div class=\"wpb_wrapper\"><img decoding=\"async\"  class=\"img-responsive\" src=\"https:\/\/villafavoritanoto.it\/wp-content\/uploads\/2019\/03\/DSCF1320-e1486123587265.jpg\" alt=\"\"><\/div><\/div><\/div><div class=\"wpb_column vc_column_container vc_col-sm-6\"><div class=\"vc_column-inner\"><div class=\"wpb_wrapper\"><div class=\"hb-divider__seperator\"><\/div><div  class=\"title_headspecial-text\" style=\" font-weight:300;\"><p style=\"text-align: center;\">Jardin biologique<\/p>\n<\/div><div class=\"hb-divider__seperator\"><\/div><div  class=\"empty-space  marg-xs-b20\"><\/div><div  class=\"box_headspecial-text\" style=\" font-weight:300;\"><p>Depuis toujours nous produisons amandes, oranges, citrons et mandarines de certification biologique gr\u00e2ce au terrain situ\u00e9 en face de la Ville. Au cours des derni\u00e8res ann\u00e9es, tir\u00e9s par le d\u00e9sir d\u2019offrir des mati\u00e8res premi\u00e8res de plus en plus authentiques, nous avons \u00e9largi la production avec notre jardin biologique.<\/p>\n<p>Tous les produits utilis\u00e9s pour cuisiner nos plats, s\u2019ils ne sont pas cultiv\u00e9s chez nous, sont KM0. R\u00e9cemment 12 poules se sont ajout\u00e9e afin d\u2019avoir \u0153ufs frais pour le petit d\u00e9jeuner!<\/p>\n<\/div><\/div><\/div><\/div><\/div><div id=\"villa4\" class=\"vc_row wpb_row vc_row-fluid\"><div class=\"wpb_column vc_column_container vc_col-sm-6\"><div class=\"vc_column-inner\"><div class=\"wpb_wrapper\"><div class=\"hb-divider__seperator\"><\/div><div  class=\"title_headspecial-text\" style=\" font-weight:300;\"><p style=\"text-align: center;\">Le\u00e7ons de cuisine<\/p>\n<\/div><div class=\"hb-divider__seperator\"><\/div><div  class=\"empty-space  marg-xs-b20\"><\/div><div  class=\"box_headspecial-text\" style=\" font-weight:300;\"><p>La passion pour la cuisine sicilienne est le fruit du savoir transmis de g\u00e9n\u00e9ration en g\u00e9n\u00e9ration. Nos clients, sur r\u00e9servation, pourront profiter d\u2019une cuisine professionnelle pour une le\u00e7on de cuisine de plats locaux typiques.<\/p>\n<p>En petits groupes de six personnes au maximum, vous apprendrez \u00e0 pr\u00e9parer trois plats avec des produits saisonniers. Chaque pr\u00e9paration sera suivie de la d\u00e9gustation et sera accompagn\u00e9e du vin de notre propre production.<\/p>\n<\/div><\/div><\/div><\/div><div class=\"wpb_column vc_column_container vc_col-sm-6\"><div class=\"vc_column-inner\"><div class=\"wpb_wrapper\"><img decoding=\"async\"  class=\"img-responsive\" src=\"https:\/\/villafavoritanoto.it\/wp-content\/uploads\/2019\/03\/DSCF1517.jpg\" alt=\"\"><\/div><\/div><\/div><\/div>","protected":false},"excerpt":{"rendered":"Il Relais Villa Favorita offre una cucina fedele alla tradizione siciliana del luogo, impreziosita da prodotti genuini del proprio orto o a km0. La colazione a buffet continentale (sia dolce che salata) con caffetteria espressa su richiesta \u00e8 caratterizzata da una vasta scelta di prodotti del territtorio e di dolci di fatti in casa. Il [...]","protected":false},"author":1,"featured_media":0,"parent":0,"menu_order":0,"comment_status":"closed","ping_status":"closed","template":"","meta":{"footnotes":""},"class_list":["post-29102","page","type-page","status-publish","hentry"],"_links":{"self":[{"href":"https:\/\/villafavoritanoto.it\/fr\/wp-json\/wp\/v2\/pages\/29102","targetHints":{"allow":["GET"]}}],"collection":[{"href":"https:\/\/villafavoritanoto.it\/fr\/wp-json\/wp\/v2\/pages"}],"about":[{"href":"https:\/\/villafavoritanoto.it\/fr\/wp-json\/wp\/v2\/types\/page"}],"author":[{"embeddable":true,"href":"https:\/\/villafavoritanoto.it\/fr\/wp-json\/wp\/v2\/users\/1"}],"replies":[{"embeddable":true,"href":"https:\/\/villafavoritanoto.it\/fr\/wp-json\/wp\/v2\/comments?post=29102"}],"version-history":[{"count":7,"href":"https:\/\/villafavoritanoto.it\/fr\/wp-json\/wp\/v2\/pages\/29102\/revisions"}],"predecessor-version":[{"id":29436,"href":"https:\/\/villafavoritanoto.it\/fr\/wp-json\/wp\/v2\/pages\/29102\/revisions\/29436"}],"wp:attachment":[{"href":"https:\/\/villafavoritanoto.it\/fr\/wp-json\/wp\/v2\/media?parent=29102"}],"curies":[{"name":"wp","href":"https:\/\/api.w.org\/{rel}","templated":true}]}}