{"id":29074,"date":"2019-04-07T14:45:42","date_gmt":"2019-04-07T12:45:42","guid":{"rendered":"http:\/\/1c3gsvebo.preview.infomaniak.website\/?page_id=29074"},"modified":"2021-03-10T10:25:03","modified_gmt":"2021-03-10T09:25:03","slug":"camere","status":"publish","type":"page","link":"https:\/\/villafavoritanoto.it\/fr\/camere\/","title":{"rendered":"Chambres"},"content":{"rendered":"<div data-vc-full-width=\"true\" data-vc-full-width-init=\"false\" data-vc-stretch-content=\"true\" class=\"vc_row wpb_row vc_row-fluid vc_custom_1551436368616 vc_row-has-fill vc_row-no-padding\"><div class=\"wpb_column vc_column_container vc_col-sm-12\"><div class=\"vc_column-inner\"><div class=\"wpb_wrapper\"><\/div><\/div><\/div><\/div><div class=\"vc_row-full-width vc_clearfix\"><\/div><div data-vc-full-width=\"true\" data-vc-full-width-init=\"false\" data-vc-stretch-content=\"true\" class=\"vc_row wpb_row vc_row-fluid vc_row-no-padding\"><div class=\"wpb_column vc_column_container vc_col-sm-12\"><div class=\"vc_column-inner\"><div class=\"wpb_wrapper\"><div  class=\"empty-space  marg-lg-b75 marg-xs-b50\"><\/div><\/div><\/div><\/div><\/div><div class=\"vc_row-full-width vc_clearfix\"><\/div><div class=\"vc_row wpb_row vc_row-fluid\"><div class=\"wpb_column vc_column_container vc_col-sm-2\"><div class=\"vc_column-inner\"><div class=\"wpb_wrapper\"><\/div><\/div><\/div><div class=\"wpb_column vc_column_container vc_col-sm-8\"><div class=\"vc_column-inner\"><div class=\"wpb_wrapper\"><div  class=\"home_textspecial-text\" style=\" font-weight:300;\"><div class=\"gdlr-item gdlr-content-item\">\n<p style=\"text-align: center;\">Nos chambres sont le r\u00e9sultat d\u2019une restructuration minutieuse qui avait pour objectif la pr\u00e9servation de la structure d\u2019origine et les contraintes du minist\u00e8re des biens culturels. Chaque chambre est unique et \u00e9quip\u00e9e de toutes les commodit\u00e9s. Les salles de bains ont toutes \u00e9t\u00e9 r\u00e9cemment r\u00e9nov\u00e9es.<\/p>\n<\/div>\n<\/div><div  class=\"empty-space  marg-lg-b65 marg-xs-b50\"><\/div><\/div><\/div><\/div><div class=\"wpb_column vc_column_container vc_col-sm-2\"><div class=\"vc_column-inner\"><div class=\"wpb_wrapper\"><\/div><\/div><\/div><\/div><div data-vc-full-width=\"true\" data-vc-full-width-init=\"false\" data-vc-stretch-content=\"true\" class=\"vc_row wpb_row vc_row-fluid vc_row-no-padding\"><div class=\"wpb_column vc_column_container vc_col-sm-12\"><div class=\"vc_column-inner\"><div class=\"wpb_wrapper\"><\/div><\/div><\/div><\/div><div class=\"vc_row-full-width vc_clearfix\"><\/div><div class=\"vc_row wpb_row vc_row-fluid\"><div class=\"wpb_column vc_column_container vc_col-sm-12\"><div class=\"vc_column-inner\"><div class=\"wpb_wrapper\"><div  class=\"empty-space  marg-lg-b30 marg-xs-b30\"><\/div><div  class=\"empty-space  marg-lg-b30 marg-xs-b10\"><\/div><div id=\"link1\" class=\"vc_row wpb_row vc_inner vc_row-fluid\"><div class=\"wpb_column vc_column_container vc_col-sm-8\"><div class=\"vc_column-inner\"><div class=\"wpb_wrapper\">\n\t<div  class=\"wpb_single_image wpb_content_element vc_align_left\">\n\t\t\n\t\t<figure class=\"wpb_wrapper vc_figure\">\n\t\t\t<div class=\"vc_single_image-wrapper   vc_box_border_grey\"><img fetchpriority=\"high\" decoding=\"async\" width=\"1170\" height=\"685\" src=\"https:\/\/villafavoritanoto.it\/wp-content\/uploads\/2019\/03\/camera1.jpg\" class=\"vc_single_image-img attachment-full\" alt=\"\" srcset=\"https:\/\/villafavoritanoto.it\/wp-content\/uploads\/2019\/03\/camera1.jpg 1170w, https:\/\/villafavoritanoto.it\/wp-content\/uploads\/2019\/03\/camera1-300x176.jpg 300w, https:\/\/villafavoritanoto.it\/wp-content\/uploads\/2019\/03\/camera1-768x450.jpg 768w, https:\/\/villafavoritanoto.it\/wp-content\/uploads\/2019\/03\/camera1-1024x600.jpg 1024w\" sizes=\"(max-width: 1170px) 100vw, 1170px\" \/><\/div>\n\t\t<\/figure>\n\t<\/div>\n<div class=\"text-blockroom_linko\" ><div class=\"simple-text\"><p><a href=\"https:\/\/villafavoritanoto.it\/fr\/rooms\/standard-room\/\">STANDARD<\/a><\/p>\n<\/div><\/div><\/div><\/div><\/div><div class=\"wpb_column vc_column_container vc_col-sm-4\"><div class=\"vc_column-inner\"><div class=\"wpb_wrapper\"><div  class=\"rooms_titlespecial-text\" style=\" font-weight:300;\"><p>STANDARD<\/p>\n<\/div><div class=\"hb-divider__seperator\"><\/div><div  class=\"empty-space  marg-lg-b15 marg-md-b15 marg-sm-b10 marg-xs-b10\"><\/div><div  class=\"special-text\" style=\" font-weight:300;\"><p>Les chambres standard sont accueillantes et confortables, meubl\u00e9es avec simplicit\u00e9 et go\u00fbt. Elles sont \u00e9quip\u00e9es de climatisation, r\u00e9frig\u00e9rateur, coffre-fort, t\u00e9l\u00e9phone, t\u00e9l\u00e9vision couleur et s\u00e8che-cheveux.<\/p>\n<p><a href=\"\/fr\/rooms\/standard\/\"><em>d\u00e9couvrir plus<\/em> &gt;<\/a><\/p>\n<\/div><\/div><\/div><\/div><\/div><div  class=\"empty-space  marg-lg-b90 marg-md-b70 marg-sm-b30 marg-xs-b30\"><\/div><div id=\"link2\" class=\"vc_row wpb_row vc_inner vc_row-fluid\"><div class=\"wpb_column vc_column_container vc_col-sm-4\"><div class=\"vc_column-inner\"><div class=\"wpb_wrapper\"><div  class=\"rooms_titlespecial-text\" style=\" font-weight:300;\"><p>STANDARD PLUS<\/p>\n<\/div><div class=\"hb-divider__seperator\"><\/div><div  class=\"empty-space  marg-lg-b15 marg-md-b15 marg-sm-b10 marg-xs-b10\"><\/div><div  class=\"special-text\" style=\" font-weight:300;\"><p>Les chambres Standard Plus sont plus grandes que les standards et b\u00e9n\u00e9ficient d\u2019un meilleur emplacement. Elles disposent de la climatisation, d\u2019un r\u00e9frig\u00e9rateur, d\u2019un coffre-fort, d\u2019un t\u00e9l\u00e9phone, d\u2019une t\u00e9l\u00e9vision couleur et d\u2019un s\u00e8che-cheveux.<\/p>\n<p><a href=\"\/fr\/rooms\/deluxe\/\"><em>d\u00e9couvrir plus<\/em> &gt;<\/a><\/p>\n<\/div><\/div><\/div><\/div><div class=\"wpb_column vc_column_container vc_col-sm-8\"><div class=\"vc_column-inner\"><div class=\"wpb_wrapper\">\n\t<div  class=\"wpb_single_image wpb_content_element vc_align_left\">\n\t\t\n\t\t<figure class=\"wpb_wrapper vc_figure\">\n\t\t\t<div class=\"vc_single_image-wrapper   vc_box_border_grey\"><img decoding=\"async\" width=\"1170\" height=\"685\" src=\"https:\/\/villafavoritanoto.it\/wp-content\/uploads\/2019\/03\/camera2.jpg\" class=\"vc_single_image-img attachment-full\" alt=\"\" srcset=\"https:\/\/villafavoritanoto.it\/wp-content\/uploads\/2019\/03\/camera2.jpg 1170w, https:\/\/villafavoritanoto.it\/wp-content\/uploads\/2019\/03\/camera2-300x176.jpg 300w, https:\/\/villafavoritanoto.it\/wp-content\/uploads\/2019\/03\/camera2-768x450.jpg 768w, https:\/\/villafavoritanoto.it\/wp-content\/uploads\/2019\/03\/camera2-1024x600.jpg 1024w\" sizes=\"(max-width: 1170px) 100vw, 1170px\" \/><\/div>\n\t\t<\/figure>\n\t<\/div>\n<div class=\"text-blockroom_linko\" ><div class=\"simple-text\"><p><a href=\"https:\/\/villafavoritanoto.it\/fr\/rooms\/deluxe\/\">DELUXE<\/a><\/p>\n<\/div><\/div><\/div><\/div><\/div><\/div><div  class=\"empty-space  marg-lg-b90 marg-md-b70 marg-sm-b30 marg-xs-b30\"><\/div><div id=\"link3\" class=\"vc_row wpb_row vc_inner vc_row-fluid\"><div class=\"wpb_column vc_column_container vc_col-sm-8\"><div class=\"vc_column-inner\"><div class=\"wpb_wrapper\">\n\t<div  class=\"wpb_single_image wpb_content_element vc_align_left\">\n\t\t\n\t\t<figure class=\"wpb_wrapper vc_figure\">\n\t\t\t<div class=\"vc_single_image-wrapper   vc_box_border_grey\"><img decoding=\"async\" width=\"1170\" height=\"685\" src=\"https:\/\/villafavoritanoto.it\/wp-content\/uploads\/2019\/03\/camera3.jpg\" class=\"vc_single_image-img attachment-full\" alt=\"\" srcset=\"https:\/\/villafavoritanoto.it\/wp-content\/uploads\/2019\/03\/camera3.jpg 1170w, https:\/\/villafavoritanoto.it\/wp-content\/uploads\/2019\/03\/camera3-300x176.jpg 300w, https:\/\/villafavoritanoto.it\/wp-content\/uploads\/2019\/03\/camera3-768x450.jpg 768w, https:\/\/villafavoritanoto.it\/wp-content\/uploads\/2019\/03\/camera3-1024x600.jpg 1024w\" sizes=\"(max-width: 1170px) 100vw, 1170px\" \/><\/div>\n\t\t<\/figure>\n\t<\/div>\n<div class=\"text-blockroom_linko\" ><div class=\"simple-text\"><p><a href=\"https:\/\/villafavoritanoto.it\/fr\/rooms\/superior\/\">SUPERIOR<\/a><\/p>\n<\/div><\/div><\/div><\/div><\/div><div class=\"wpb_column vc_column_container vc_col-sm-4\"><div class=\"vc_column-inner\"><div class=\"wpb_wrapper\"><div  class=\"rooms_titlespecial-text\" style=\" font-weight:300;\"><p>SUPERIOR<\/p>\n<\/div><div class=\"hb-divider__seperator\"><\/div><div  class=\"empty-space  marg-lg-b15 marg-md-b15 marg-sm-b10 marg-xs-b10\"><\/div><div  class=\"special-text\" style=\" font-weight:300;\"><p>Les chambres sup\u00e9rieures sont plus spacieuses et offrent une vue imprenable sur Noto, la cour, les agrumeraies et la mer. Elles disposent de tout le confort et d\u2019une gamme de produits d\u2019accueil plus large.<\/p>\n<p><a href=\"\/fr\/rooms\/superior\/\"><em>d\u00e9couvrir plus<\/em> &gt;<\/a><\/p>\n<\/div><\/div><\/div><\/div><\/div><div  class=\"empty-space  marg-lg-b90 marg-md-b70 marg-sm-b30 marg-xs-b30\"><\/div><div id=\"link4\" class=\"vc_row wpb_row vc_inner vc_row-fluid\"><div class=\"wpb_column vc_column_container vc_col-sm-4\"><div class=\"vc_column-inner\"><div class=\"wpb_wrapper\"><div  class=\"rooms_titlespecial-text\" style=\" font-weight:300;\"><p>MARCHESE &amp; MARCHESA<\/p>\n<\/div><div class=\"hb-divider__seperator\"><\/div><div  class=\"empty-space  marg-lg-b15 marg-md-b15 marg-sm-b10 marg-xs-b10\"><\/div><div  class=\"special-text\" style=\" font-weight:300;\"><p>Anciennement utilis\u00e9es par le marquis et la marquise pendant leurs s\u00e9jours d\u2019\u00e9t\u00e9 \u00e0 la Villa Favorita, ces pi\u00e8ces sont aujourd\u2019hui deux chambres. Elles b\u00e9n\u00e9ficient d\u2019une vue privil\u00e9gi\u00e9e sur les environs et d\u2019une grande terrasse.<\/p>\n<p><a href=\"\/fr\/rooms\/marchese-marchesa\/\"><em>d\u00e9couvrir plus<\/em> &gt;<\/a><\/p>\n<\/div><\/div><\/div><\/div><div class=\"wpb_column vc_column_container vc_col-sm-8\"><div class=\"vc_column-inner\"><div class=\"wpb_wrapper\">\n\t<div  class=\"wpb_single_image wpb_content_element vc_align_left\">\n\t\t\n\t\t<figure class=\"wpb_wrapper vc_figure\">\n\t\t\t<div class=\"vc_single_image-wrapper   vc_box_border_grey\"><img loading=\"lazy\" decoding=\"async\" width=\"1170\" height=\"685\" src=\"https:\/\/villafavoritanoto.it\/wp-content\/uploads\/2019\/03\/camera4.jpg\" class=\"vc_single_image-img attachment-full\" alt=\"\" srcset=\"https:\/\/villafavoritanoto.it\/wp-content\/uploads\/2019\/03\/camera4.jpg 1170w, https:\/\/villafavoritanoto.it\/wp-content\/uploads\/2019\/03\/camera4-300x176.jpg 300w, https:\/\/villafavoritanoto.it\/wp-content\/uploads\/2019\/03\/camera4-768x450.jpg 768w, https:\/\/villafavoritanoto.it\/wp-content\/uploads\/2019\/03\/camera4-1024x600.jpg 1024w\" sizes=\"(max-width: 1170px) 100vw, 1170px\" \/><\/div>\n\t\t<\/figure>\n\t<\/div>\n<div class=\"text-blockroom_linko\" ><div class=\"simple-text\"><p><a href=\"https:\/\/villafavoritanoto.it\/fr\/rooms\/marchese-marchesa\/\">MARCHESE &amp; MARCHESA<\/a><\/p>\n<\/div><\/div><\/div><\/div><\/div><\/div><div  class=\"empty-space  marg-lg-b90 marg-md-b70 marg-sm-b30 marg-xs-b30\"><\/div><div id=\"link5\" class=\"vc_row wpb_row vc_inner vc_row-fluid\"><div class=\"wpb_column vc_column_container vc_col-sm-8\"><div class=\"vc_column-inner\"><div class=\"wpb_wrapper\">\n\t<div  class=\"wpb_single_image wpb_content_element vc_align_left\">\n\t\t\n\t\t<figure class=\"wpb_wrapper vc_figure\">\n\t\t\t<div class=\"vc_single_image-wrapper   vc_box_border_grey\"><img loading=\"lazy\" decoding=\"async\" width=\"1170\" height=\"685\" src=\"https:\/\/villafavoritanoto.it\/wp-content\/uploads\/2019\/03\/camera5.jpg\" class=\"vc_single_image-img attachment-full\" alt=\"\" srcset=\"https:\/\/villafavoritanoto.it\/wp-content\/uploads\/2019\/03\/camera5.jpg 1170w, https:\/\/villafavoritanoto.it\/wp-content\/uploads\/2019\/03\/camera5-300x176.jpg 300w, https:\/\/villafavoritanoto.it\/wp-content\/uploads\/2019\/03\/camera5-768x450.jpg 768w, https:\/\/villafavoritanoto.it\/wp-content\/uploads\/2019\/03\/camera5-1024x600.jpg 1024w\" sizes=\"(max-width: 1170px) 100vw, 1170px\" \/><\/div>\n\t\t<\/figure>\n\t<\/div>\n<div class=\"text-blockroom_linko\" ><div class=\"simple-text\"><p><a href=\"https:\/\/villafavoritanoto.it\/fr\/rooms\/suite\/\">SUITE<\/a><\/p>\n<\/div><\/div><\/div><\/div><\/div><div class=\"wpb_column vc_column_container vc_col-sm-4\"><div class=\"vc_column-inner\"><div class=\"wpb_wrapper\"><div  class=\"rooms_titlespecial-text\" style=\" font-weight:300;\"><p>SUITE<\/p>\n<\/div><div class=\"hb-divider__seperator\"><\/div><div  class=\"empty-space  marg-lg-b15 marg-md-b15 marg-sm-b10 marg-xs-b10\"><\/div><div  class=\"special-text\" style=\" font-weight:300;\"><p>Suite double avec vue sur le jardin d'agrumes et la mer. Le sol est originel du 1752 et le mobilier est agr\u00e9ment\u00e9 de pi\u00e8ces uniques.<\/p>\n<p><a href=\"\/fr\/rooms\/suite\/\"><em>d\u00e9couvrir plus<\/em> &gt;<\/a><\/p>\n<\/div><\/div><\/div><\/div><\/div><div  class=\"empty-space  marg-lg-b90 marg-md-b70 marg-sm-b30 marg-xs-b30\"><\/div><\/div><\/div><\/div><\/div><div data-vc-full-width=\"true\" data-vc-full-width-init=\"false\" data-vc-stretch-content=\"true\" class=\"vc_row wpb_row vc_row-fluid vc_row-no-padding\"><\/div><div class=\"vc_row-full-width vc_clearfix\"><\/div>","protected":false},"excerpt":{"rendered":"Le nostre camere sono il frutto di una accurata ristrutturazione che ha avuto come obiettivo la salvaguardia della struttura originaria e il rispetto dei vincoli del Ministero dei beni culturali. Ogni camera \u00e8 unica e dotata di tutti i comfort. I bagni sono stati tutti recentemente rinnovati. STANDARD STANDARD Le camere standard sono accoglienti e [...]","protected":false},"author":1,"featured_media":0,"parent":0,"menu_order":0,"comment_status":"closed","ping_status":"closed","template":"","meta":{"footnotes":""},"class_list":["post-29074","page","type-page","status-publish","hentry"],"_links":{"self":[{"href":"https:\/\/villafavoritanoto.it\/fr\/wp-json\/wp\/v2\/pages\/29074","targetHints":{"allow":["GET"]}}],"collection":[{"href":"https:\/\/villafavoritanoto.it\/fr\/wp-json\/wp\/v2\/pages"}],"about":[{"href":"https:\/\/villafavoritanoto.it\/fr\/wp-json\/wp\/v2\/types\/page"}],"author":[{"embeddable":true,"href":"https:\/\/villafavoritanoto.it\/fr\/wp-json\/wp\/v2\/users\/1"}],"replies":[{"embeddable":true,"href":"https:\/\/villafavoritanoto.it\/fr\/wp-json\/wp\/v2\/comments?post=29074"}],"version-history":[{"count":28,"href":"https:\/\/villafavoritanoto.it\/fr\/wp-json\/wp\/v2\/pages\/29074\/revisions"}],"predecessor-version":[{"id":29628,"href":"https:\/\/villafavoritanoto.it\/fr\/wp-json\/wp\/v2\/pages\/29074\/revisions\/29628"}],"wp:attachment":[{"href":"https:\/\/villafavoritanoto.it\/fr\/wp-json\/wp\/v2\/media?parent=29074"}],"curies":[{"name":"wp","href":"https:\/\/api.w.org\/{rel}","templated":true}]}}