{"id":933,"date":"2018-04-30T23:56:08","date_gmt":"2018-04-30T21:56:08","guid":{"rendered":"http:\/\/themebubble.com\/demo\/hotelluxe\/?page_id=933"},"modified":"2019-05-09T16:40:10","modified_gmt":"2019-05-09T14:40:10","slug":"lavilla","status":"publish","type":"page","link":"https:\/\/villafavoritanoto.it\/es\/lavilla\/","title":{"rendered":"La Villa"},"content":{"rendered":"<div data-vc-full-width=\"true\" data-vc-full-width-init=\"false\" data-vc-stretch-content=\"true\" class=\"vc_row wpb_row vc_row-fluid vc_custom_1551436368616 vc_row-has-fill vc_row-no-padding\"><div class=\"wpb_column vc_column_container vc_col-sm-12\"><div class=\"vc_column-inner\"><div class=\"wpb_wrapper\"><\/div><\/div><\/div><\/div><div class=\"vc_row-full-width vc_clearfix\"><\/div><div data-vc-full-width=\"true\" data-vc-full-width-init=\"false\" data-vc-stretch-content=\"true\" class=\"vc_row wpb_row vc_row-fluid vc_row-no-padding\"><div class=\"wpb_column vc_column_container vc_col-sm-12\"><div class=\"vc_column-inner\"><div class=\"wpb_wrapper\"><div  class=\"empty-space  marg-lg-b75 marg-xs-b50\"><\/div><\/div><\/div><\/div><\/div><div class=\"vc_row-full-width vc_clearfix\"><\/div><div class=\"vc_row wpb_row vc_row-fluid\"><div class=\"wpb_column vc_column_container vc_col-sm-2\"><div class=\"vc_column-inner\"><div class=\"wpb_wrapper\"><\/div><\/div><\/div><div class=\"wpb_column vc_column_container vc_col-sm-8\"><div class=\"vc_column-inner\"><div class=\"wpb_wrapper\"><div  class=\"home_textspecial-text\" style=\" font-weight:300;\"><div class=\"gdlr-item gdlr-content-item\">\n<p style=\"text-align: center;\">El Relais Villa Favorita, situada en la Valle di Noto en Sicilia, nace con la reconversi\u00f3n de la hist\u00f3rica villa setecientos a\u00f1os en propiedad, de las familias Di Lorenzo, barones di Granieri y Marqu\u00e9s del Castelluccio. A d\u00eda de hoy la Villa est\u00e1 gestionada por los descendientes de la misma familia.\n\nLa entrada principal: con su avenida de almendros, evidencia la exclusividad del Relais Villa Favorita. Las habitaciones, como toda la estructura, conservan el encanto de la residencia hist\u00f3rica, reformada respetando el proyecto arquitect\u00f3nico original y de los v\u00ednculos impuestos por el Ministerio de los bienes culturales.  El restaurante, adem\u00e1s de una grande sala interior,  tiene una gran terraza rodeada por un naranjal, desde \u00e9ste se puede observar el mar.\n\nLa cocina ofrece un men\u00fa a la carta, con platos t\u00edpicos sicilianos y productos a km 0, principalmente de producci\u00f3n propia y vinos de la regi\u00f3n .\n\nEl \u00e1rea m\u00e1s grande, la piscina ofrece un mirador exclusivo sobre la ciudad barroca de Noto. El jard\u00edn a la italiana, completa la atm\u00f3sfera de relax caracterizada por toda la estructura. Adem\u00e1s se puede apreciar una capilla privada dedicada a Santa Agnese.<br \/>\nEl Relais  se encuentra a  2,5 km de Noto,  capital del barroco siciliano y patrimonio de la humanidad por l\u2019<a title=\"Go to Unesco.org\" href=\"http:\/\/whc.unesco.org\/en\/list\/1024\" target=\"_blank\" rel=\"noopener noreferrer\">UNESCO<\/a> desde el 2002. El mar  a solo 5 minutos de distancia ofrece playas equiparadas como salvajes  en las que es posible apreciar los colores inconfundibles del mediterr\u00e1neo.<br \/>\nLa antigua residencia, con sus caracter\u00edsticas \u00fanicas, es el lugar ideal para una estancia entre los aromas, colores y sabores t\u00edpicos de Sicilia. La Villa se encuentra en una ubicaci\u00f3n especialmente estrat\u00e9gica que permite descubrir el sureste de Sicilia, su costa y toda la belleza del barroco tard\u00edo del Val di Noto.<\/p>\n<\/div>\n<\/div><div  class=\"empty-space  marg-lg-b65 marg-xs-b50\"><\/div><\/div><\/div><\/div><div class=\"wpb_column vc_column_container vc_col-sm-2\"><div class=\"vc_column-inner\"><div class=\"wpb_wrapper\"><\/div><\/div><\/div><\/div><div id=\"villa1\" class=\"vc_row wpb_row vc_row-fluid\"><div class=\"wpb_column vc_column_container vc_col-sm-6\"><div class=\"vc_column-inner\"><div class=\"wpb_wrapper\"><img decoding=\"async\"  class=\"img-responsive\" src=\"https:\/\/villafavoritanoto.it\/wp-content\/uploads\/2019\/05\/MG_5037.jpg\" alt=\"\"><\/div><\/div><\/div><div class=\"wpb_column vc_column_container vc_col-sm-6\"><div class=\"vc_column-inner\"><div class=\"wpb_wrapper\"><div class=\"hb-divider__seperator\"><\/div><div  class=\"title_headspecial-text\" style=\" font-weight:300;\"><p style=\"text-align: center;\">historia de la villa<\/p>\n<\/div><div class=\"hb-divider__seperator\"><\/div><div  class=\"empty-space  marg-xs-b20\"><\/div><div  class=\"box_headspecial-text\" style=\" font-weight:300;\"><p>Situada en la \u201c Via del mar \u201c  es la primera residencia hist\u00f3rica que se cruza en la carretera que desde Noto lleva hasta Calabernardo. El antiguo feudo Falconara, en el que Villa Favorita ser\u00e1 ubicada, hasta el  momento del se\u00edsmo de 1693, pertenec\u00eda al \u201cEstado d\u2019 Avola\u201d.  Por lo tanto era propiedad de los Pignatelli  Aragona Cort\u00e9s, Marqu\u00e9s de Avola, que desde el 1606 hab\u00edan concedido las varias partes del feudo de los Astuto y de otras familias de Noto.\n\nVilla Favorita, est\u00e1 constituida en sus conjunto, de tres edificios independientes; el primero con adjunta f\u00e1brica, el cual tiene fecha 1752 y nace como sede de vacaciones, sobre un proyecto que por los principios renacentistas  que la f\u00e1brica tiene, ha sido flanqueado por el pensamiento del arquitecto  Paolo Labisi. El prospecto principal de la residencia, est\u00e1 constituido por una planta baja coronada por una amplia terraza en la cual se encuentran tres aberturas, que pertenecen a la primera planta y que terminan por arriba con un front\u00f3n de memoria palladiana. En el lado este de la estructura, est\u00e1 anexa una capilla que en su origen presentaba una peque\u00f1a capilla, con forma de c\u00e1liz invertido, que con el pasar de los a\u00f1os se ha perdido.<br \/>\nEn el 800 la villa y las tierras de alrededor fueron adquiridas por los Di Lorenzo barones di Granieri y Marqu\u00e9s del Castelluccio, que constituyeron en el 1982 el tercer espacio de la f\u00e1brica, llamado Villa Granieri situada entre la residencia del setecientos y el Opificio .<\/p>\n<p>Giulia Dajean (1850-1932), casada  de segundo matrimonio con Giovanni Di Lorenzo Cannizzaro, Marqu\u00e9s del Castelluccio, Reforma los tres edificios, mostrando su antiguo esplendor y restaura la peque\u00f1a cappella (capilla) dedicada al culto de Santa Agnese, virgen y m\u00e1rtir, de la cual la familia Di Lorenzo ha sido siempre devota.\n\nEn el 1932 hace un regalo a su familia , hasta llegar por voluntad \u2026 A su heredero y propietario actual.<\/p>\n<p>(Desde \u201cLE VILLE DEI GATTOPARDI\u201d \u2013 Villas hist\u00f3ricas Sicilianas de la \u201cValle de Noto\u201d di Francesca Gringeri Pantano).<\/p>\n<\/div><\/div><\/div><\/div><\/div><div id=\"villa2\" class=\"vc_row wpb_row vc_row-fluid\"><div class=\"wpb_column vc_column_container vc_col-sm-6\"><div class=\"vc_column-inner\"><div class=\"wpb_wrapper\"><div class=\"hb-divider__seperator\"><\/div><div  class=\"title_headspecial-text\" style=\" font-weight:300;\"><p style=\"text-align: center;\">hospitalidad<\/p>\n<\/div><div class=\"hb-divider__seperator\"><\/div><div  class=\"empty-space  marg-xs-b20\"><\/div><div  class=\"box_headspecial-text\" style=\" font-weight:300;\"><p>Villa Favorita, creada como casa de vacaciones, ha siempre sido proprietad de nuestra familia; mis abuelos se mudaron all\u00ec en los meses de verano.<\/p>\n<p>Durante la Segunda Guerra Mundial, para evitar saqueos, ellos decidieron de quitar todos los muebles.y las decoraciones m\u00e1s importantes tapiando las ventanas y las puertas. La villa estuve abandonada durante casi sesenta a\u00f1os. Hace quince a\u00f1os el valor y el ingenio de mis padres, lo trajo de vuelta a su antigua gloria.<\/p>\n<p>Desde eso momento, nuestra intenci\u00f2n es de preservar y potenciar este patrimonio hist\u00f3rico compartiendo su ambiente y su encanto con nuestros hu\u00e9spedes.<\/p>\n<\/div><\/div><\/div><\/div><div class=\"wpb_column vc_column_container vc_col-sm-6\"><div class=\"vc_column-inner\"><div class=\"wpb_wrapper\"><img decoding=\"async\"  class=\"img-responsive\" src=\"https:\/\/villafavoritanoto.it\/wp-content\/uploads\/2019\/05\/MG_4575.jpg\" alt=\"\"><\/div><\/div><\/div><\/div>","protected":false},"excerpt":{"rendered":"Il Relais Villa Favorita, situato nella Val di Noto in Sicilia, nasce con la riconversione della villa storica del settecento di propriet\u00e0 della famiglia Di Lorenzo baroni di Granieri e marchesi del Castelluccio. Ad oggi la Villa \u00e8 gestita dalla discendenza della stessa famiglia. L\u2019ingresso padronale con il suo viale di mandorli annuncia l\u2019unicit\u00e0 del [...]","protected":false},"author":1,"featured_media":0,"parent":0,"menu_order":0,"comment_status":"closed","ping_status":"closed","template":"","meta":{"footnotes":""},"class_list":["post-933","page","type-page","status-publish","hentry"],"_links":{"self":[{"href":"https:\/\/villafavoritanoto.it\/es\/wp-json\/wp\/v2\/pages\/933","targetHints":{"allow":["GET"]}}],"collection":[{"href":"https:\/\/villafavoritanoto.it\/es\/wp-json\/wp\/v2\/pages"}],"about":[{"href":"https:\/\/villafavoritanoto.it\/es\/wp-json\/wp\/v2\/types\/page"}],"author":[{"embeddable":true,"href":"https:\/\/villafavoritanoto.it\/es\/wp-json\/wp\/v2\/users\/1"}],"replies":[{"embeddable":true,"href":"https:\/\/villafavoritanoto.it\/es\/wp-json\/wp\/v2\/comments?post=933"}],"version-history":[{"count":16,"href":"https:\/\/villafavoritanoto.it\/es\/wp-json\/wp\/v2\/pages\/933\/revisions"}],"predecessor-version":[{"id":29435,"href":"https:\/\/villafavoritanoto.it\/es\/wp-json\/wp\/v2\/pages\/933\/revisions\/29435"}],"wp:attachment":[{"href":"https:\/\/villafavoritanoto.it\/es\/wp-json\/wp\/v2\/media?parent=933"}],"curies":[{"name":"wp","href":"https:\/\/api.w.org\/{rel}","templated":true}]}}