{"id":29102,"date":"2019-03-12T13:40:06","date_gmt":"2019-03-12T12:40:06","guid":{"rendered":"http:\/\/1c3gsvebo.preview.infomaniak.website\/?page_id=29102"},"modified":"2019-05-09T16:40:32","modified_gmt":"2019-05-09T14:40:32","slug":"gastronomia","status":"publish","type":"page","link":"https:\/\/villafavoritanoto.it\/es\/gastronomia\/","title":{"rendered":"Gastronomia"},"content":{"rendered":"<div data-vc-full-width=\"true\" data-vc-full-width-init=\"false\" data-vc-stretch-content=\"true\" class=\"vc_row wpb_row vc_row-fluid vc_custom_1551436368616 vc_row-has-fill vc_row-no-padding\"><div class=\"wpb_column vc_column_container vc_col-sm-12\"><div class=\"vc_column-inner\"><div class=\"wpb_wrapper\"><\/div><\/div><\/div><\/div><div class=\"vc_row-full-width vc_clearfix\"><\/div><div data-vc-full-width=\"true\" data-vc-full-width-init=\"false\" data-vc-stretch-content=\"true\" class=\"vc_row wpb_row vc_row-fluid vc_row-no-padding\"><div class=\"wpb_column vc_column_container vc_col-sm-12\"><div class=\"vc_column-inner\"><div class=\"wpb_wrapper\"><div  class=\"empty-space  marg-lg-b75 marg-xs-b50\"><\/div><\/div><\/div><\/div><\/div><div class=\"vc_row-full-width vc_clearfix\"><\/div><div class=\"vc_row wpb_row vc_row-fluid\"><div class=\"wpb_column vc_column_container vc_col-sm-2\"><div class=\"vc_column-inner\"><div class=\"wpb_wrapper\"><\/div><\/div><\/div><div class=\"wpb_column vc_column_container vc_col-sm-8\"><div class=\"vc_column-inner\"><div class=\"wpb_wrapper\"><div  class=\"home_textspecial-text\" style=\" font-weight:300;\"><div class=\"gdlr-item gdlr-content-item\" style=\"text-align: center;\">El Relais Villa Favorita ofrece una cocina fiel de la tradici\u00f3n siciliana del lugar, enriquecida por los productos aut\u00e9nticos de  la propia huerta a km 0. El desayuno a buffet  continental (dulce o salado) con una cafeter\u00eda expresa\u2026 Est\u00e1 caracterizada por una amplia  selecci\u00f3n de productos de la zona y de boller\u00eda casera. El restaurante, que dispone de un amplio espacio interior y de una terraza espectacular sobre el naranjal, ofrece un men\u00fa a la carta sea cual sea a la hora de la comida como por cena. El vino Nero d\u2019Avola y Inzolia como el aceite extra virgen de oliva son de producci\u00f3n propia desde generaciones.<\/div>\n<\/div><div  class=\"empty-space  marg-lg-b65 marg-xs-b50\"><\/div><\/div><\/div><\/div><div class=\"wpb_column vc_column_container vc_col-sm-2\"><div class=\"vc_column-inner\"><div class=\"wpb_wrapper\"><\/div><\/div><\/div><\/div><div id=\"villa1\" class=\"vc_row wpb_row vc_row-fluid\"><div class=\"wpb_column vc_column_container vc_col-sm-6\"><div class=\"vc_column-inner\"><div class=\"wpb_wrapper\"><img decoding=\"async\"  class=\"img-responsive\" src=\"https:\/\/villafavoritanoto.it\/wp-content\/uploads\/2019\/03\/DSCF1305.jpg\" alt=\"\"><\/div><\/div><\/div><div class=\"wpb_column vc_column_container vc_col-sm-6\"><div class=\"vc_column-inner\"><div class=\"wpb_wrapper\"><div class=\"hb-divider__seperator\"><\/div><div  class=\"title_headspecial-text\" style=\" font-weight:300;\"><p style=\"text-align: center;\">Nuestro aceite<\/p>\n<\/div><div class=\"hb-divider__seperator\"><\/div><div  class=\"empty-space  marg-xs-b20\"><\/div><div  class=\"box_headspecial-text\" style=\" font-weight:300;\"><p>El aceite es el fruto de los olivos que se encuentran en el Relais y en las tierras de nuestra propiedad, situadas en el otro lado de la carretera. Nuestra producci\u00f3n, exclusiva de la familia, ha crecido con los a\u00f1os hasta llegar a ser el \u00fanico suministro utilizado en el Relais.<\/p>\n<p>Nuestro aceite extra virgen de oliva se distingue por un sabor aut\u00e9ntico y delicado.<\/p>\n<\/div><\/div><\/div><\/div><\/div><div id=\"villa2\" class=\"vc_row wpb_row vc_row-fluid\"><div class=\"wpb_column vc_column_container vc_col-sm-6\"><div class=\"vc_column-inner\"><div class=\"wpb_wrapper\"><div class=\"hb-divider__seperator\"><\/div><div  class=\"title_headspecial-text\" style=\" font-weight:300;\"><p style=\"text-align: center;\">Vino<\/p>\n<\/div><div class=\"hb-divider__seperator\"><\/div><div  class=\"empty-space  marg-xs-b20\"><\/div><div  class=\"box_headspecial-text\" style=\" font-weight:300;\"><p>El vino forma parte del negocio familiar desde m\u00e1s de 30 a\u00f1os. S\u00f3lo usamos toronja local, directamente desde el Val di Noto como Nero d\u2019Avola e Inzolia.<\/p>\n<p>La carta de vinos deja espacio a peque\u00f1os e hist\u00f3ricos vi\u00f1edos que ofrecen a nuestros hu\u00e9spedes la posibilidad de degustar aut\u00e9ntica Sicilia.<\/p>\n<\/div><\/div><\/div><\/div><div class=\"wpb_column vc_column_container vc_col-sm-6\"><div class=\"vc_column-inner\"><div class=\"wpb_wrapper\"><img decoding=\"async\"  class=\"img-responsive\" src=\"https:\/\/villafavoritanoto.it\/wp-content\/uploads\/2019\/03\/DSCF1287-e1486124309184-1.jpg\" alt=\"\"><\/div><\/div><\/div><\/div><div id=\"villa3\" class=\"vc_row wpb_row vc_row-fluid\"><div class=\"wpb_column vc_column_container vc_col-sm-6\"><div class=\"vc_column-inner\"><div class=\"wpb_wrapper\"><img decoding=\"async\"  class=\"img-responsive\" src=\"https:\/\/villafavoritanoto.it\/wp-content\/uploads\/2019\/03\/DSCF1320-e1486123587265.jpg\" alt=\"\"><\/div><\/div><\/div><div class=\"wpb_column vc_column_container vc_col-sm-6\"><div class=\"vc_column-inner\"><div class=\"wpb_wrapper\"><div class=\"hb-divider__seperator\"><\/div><div  class=\"title_headspecial-text\" style=\" font-weight:300;\"><p style=\"text-align: center;\">Huerta biolog\u00ecca<\/p>\n<\/div><div class=\"hb-divider__seperator\"><\/div><div  class=\"empty-space  marg-xs-b20\"><\/div><div  class=\"box_headspecial-text\" style=\" font-weight:300;\"><p>Producimos desde siempre almendras, naranjas, limones y mandarinas biol\u00f3gicas de las tierras en frente de la villa. En los \u00faltimos a\u00f1os, empujados por las ganas de ofrecer materias primas siempre mas genuinas, hemos ampliado nuestra producci\u00f3n con nuestra huerta biol\u00f3gica.<\/p>\n<p>Todos los productos utilizados para cocinar nuestros platos, si non son directamente cultivados por nosotros,  son a km 0.\n\nRecientemente hemos a\u00f1adidos 12 gallinas ponedoras, para poder disfrutar de un fresco desayuno!<\/p>\n<\/div><\/div><\/div><\/div><\/div><div id=\"villa4\" class=\"vc_row wpb_row vc_row-fluid\"><div class=\"wpb_column vc_column_container vc_col-sm-6\"><div class=\"vc_column-inner\"><div class=\"wpb_wrapper\"><div class=\"hb-divider__seperator\"><\/div><div  class=\"title_headspecial-text\" style=\" font-weight:300;\"><p style=\"text-align: center;\">Clases de cocina<\/p>\n<\/div><div class=\"hb-divider__seperator\"><\/div><div  class=\"empty-space  marg-xs-b20\"><\/div><div  class=\"box_headspecial-text\" style=\" font-weight:300;\"><p>La pasi\u00f3n por la cocina siciliana es fruto del conocimiento transmitido de generaci\u00f3n en generaci\u00f3n. Nuestros hu\u00e9spedes, por reserva, podr\u00e1n disfrutar de una cocina profesional para una lecci\u00f3n de cocina de platos locales t\u00edpicos.<\/p>\n<p>En peque\u00f1os grupos de m\u00e1ximo seis personas aprender\u00e1s a preparar tres platos con productos de temporada. Cada preparaci\u00f3n ser\u00e1 seguida de la degustaci\u00f3n y ser\u00e1 acompa\u00f1ada por el vino de nuestra propia producci\u00f3n<\/p>\n<\/div><\/div><\/div><\/div><div class=\"wpb_column vc_column_container vc_col-sm-6\"><div class=\"vc_column-inner\"><div class=\"wpb_wrapper\"><img decoding=\"async\"  class=\"img-responsive\" src=\"https:\/\/villafavoritanoto.it\/wp-content\/uploads\/2019\/03\/DSCF1517.jpg\" alt=\"\"><\/div><\/div><\/div><\/div>","protected":false},"excerpt":{"rendered":"Il Relais Villa Favorita offre una cucina fedele alla tradizione siciliana del luogo, impreziosita da prodotti genuini del proprio orto o a km0. La colazione a buffet continentale (sia dolce che salata) con caffetteria espressa su richiesta \u00e8 caratterizzata da una vasta scelta di prodotti del territtorio e di dolci di fatti in casa. Il [...]","protected":false},"author":1,"featured_media":0,"parent":0,"menu_order":0,"comment_status":"closed","ping_status":"closed","template":"","meta":{"footnotes":""},"class_list":["post-29102","page","type-page","status-publish","hentry"],"_links":{"self":[{"href":"https:\/\/villafavoritanoto.it\/es\/wp-json\/wp\/v2\/pages\/29102","targetHints":{"allow":["GET"]}}],"collection":[{"href":"https:\/\/villafavoritanoto.it\/es\/wp-json\/wp\/v2\/pages"}],"about":[{"href":"https:\/\/villafavoritanoto.it\/es\/wp-json\/wp\/v2\/types\/page"}],"author":[{"embeddable":true,"href":"https:\/\/villafavoritanoto.it\/es\/wp-json\/wp\/v2\/users\/1"}],"replies":[{"embeddable":true,"href":"https:\/\/villafavoritanoto.it\/es\/wp-json\/wp\/v2\/comments?post=29102"}],"version-history":[{"count":7,"href":"https:\/\/villafavoritanoto.it\/es\/wp-json\/wp\/v2\/pages\/29102\/revisions"}],"predecessor-version":[{"id":29436,"href":"https:\/\/villafavoritanoto.it\/es\/wp-json\/wp\/v2\/pages\/29102\/revisions\/29436"}],"wp:attachment":[{"href":"https:\/\/villafavoritanoto.it\/es\/wp-json\/wp\/v2\/media?parent=29102"}],"curies":[{"name":"wp","href":"https:\/\/api.w.org\/{rel}","templated":true}]}}