{"id":29074,"date":"2019-04-07T14:45:42","date_gmt":"2019-04-07T12:45:42","guid":{"rendered":"http:\/\/1c3gsvebo.preview.infomaniak.website\/?page_id=29074"},"modified":"2021-03-10T10:25:03","modified_gmt":"2021-03-10T09:25:03","slug":"camere","status":"publish","type":"page","link":"https:\/\/villafavoritanoto.it\/es\/camere\/","title":{"rendered":"Habitaciones"},"content":{"rendered":"<div data-vc-full-width=\"true\" data-vc-full-width-init=\"false\" data-vc-stretch-content=\"true\" class=\"vc_row wpb_row vc_row-fluid vc_custom_1551436368616 vc_row-has-fill vc_row-no-padding\"><div class=\"wpb_column vc_column_container vc_col-sm-12\"><div class=\"vc_column-inner\"><div class=\"wpb_wrapper\"><\/div><\/div><\/div><\/div><div class=\"vc_row-full-width vc_clearfix\"><\/div><div data-vc-full-width=\"true\" data-vc-full-width-init=\"false\" data-vc-stretch-content=\"true\" class=\"vc_row wpb_row vc_row-fluid vc_row-no-padding\"><div class=\"wpb_column vc_column_container vc_col-sm-12\"><div class=\"vc_column-inner\"><div class=\"wpb_wrapper\"><div  class=\"empty-space  marg-lg-b75 marg-xs-b50\"><\/div><\/div><\/div><\/div><\/div><div class=\"vc_row-full-width vc_clearfix\"><\/div><div class=\"vc_row wpb_row vc_row-fluid\"><div class=\"wpb_column vc_column_container vc_col-sm-2\"><div class=\"vc_column-inner\"><div class=\"wpb_wrapper\"><\/div><\/div><\/div><div class=\"wpb_column vc_column_container vc_col-sm-8\"><div class=\"vc_column-inner\"><div class=\"wpb_wrapper\"><div  class=\"home_textspecial-text\" style=\" font-weight:300;\"><div class=\"gdlr-item gdlr-content-item\">\n<p style=\"text-align: center;\">Nuestras habitaciones son el resultado de una cuidadosa reforma que ha tenido como objetivo salvaguardar la estructura original y el respeto de los v\u00ednculos del Ministerios de los Bienes Culturales. Cada habitaci\u00f3n es \u00fanica y dotada de todas las comodidades. Los ba\u00f1os han sido recientemente renovados.<\/p>\n<\/div>\n<\/div><div  class=\"empty-space  marg-lg-b65 marg-xs-b50\"><\/div><\/div><\/div><\/div><div class=\"wpb_column vc_column_container vc_col-sm-2\"><div class=\"vc_column-inner\"><div class=\"wpb_wrapper\"><\/div><\/div><\/div><\/div><div data-vc-full-width=\"true\" data-vc-full-width-init=\"false\" data-vc-stretch-content=\"true\" class=\"vc_row wpb_row vc_row-fluid vc_row-no-padding\"><div class=\"wpb_column vc_column_container vc_col-sm-12\"><div class=\"vc_column-inner\"><div class=\"wpb_wrapper\"><\/div><\/div><\/div><\/div><div class=\"vc_row-full-width vc_clearfix\"><\/div><div class=\"vc_row wpb_row vc_row-fluid\"><div class=\"wpb_column vc_column_container vc_col-sm-12\"><div class=\"vc_column-inner\"><div class=\"wpb_wrapper\"><div  class=\"empty-space  marg-lg-b30 marg-xs-b30\"><\/div><div  class=\"empty-space  marg-lg-b30 marg-xs-b10\"><\/div><div id=\"link1\" class=\"vc_row wpb_row vc_inner vc_row-fluid\"><div class=\"wpb_column vc_column_container vc_col-sm-8\"><div class=\"vc_column-inner\"><div class=\"wpb_wrapper\">\n\t<div  class=\"wpb_single_image wpb_content_element vc_align_left\">\n\t\t\n\t\t<figure class=\"wpb_wrapper vc_figure\">\n\t\t\t<div class=\"vc_single_image-wrapper   vc_box_border_grey\"><img fetchpriority=\"high\" decoding=\"async\" width=\"1170\" height=\"685\" src=\"https:\/\/villafavoritanoto.it\/wp-content\/uploads\/2019\/03\/camera1.jpg\" class=\"vc_single_image-img attachment-full\" alt=\"\" srcset=\"https:\/\/villafavoritanoto.it\/wp-content\/uploads\/2019\/03\/camera1.jpg 1170w, https:\/\/villafavoritanoto.it\/wp-content\/uploads\/2019\/03\/camera1-300x176.jpg 300w, https:\/\/villafavoritanoto.it\/wp-content\/uploads\/2019\/03\/camera1-768x450.jpg 768w, https:\/\/villafavoritanoto.it\/wp-content\/uploads\/2019\/03\/camera1-1024x600.jpg 1024w\" sizes=\"(max-width: 1170px) 100vw, 1170px\" \/><\/div>\n\t\t<\/figure>\n\t<\/div>\n<div class=\"text-blockroom_linko\" ><div class=\"simple-text\"><p><a href=\"https:\/\/villafavoritanoto.it\/es\/rooms\/standard-room\/\">STANDARD<\/a><\/p>\n<\/div><\/div><\/div><\/div><\/div><div class=\"wpb_column vc_column_container vc_col-sm-4\"><div class=\"vc_column-inner\"><div class=\"wpb_wrapper\"><div  class=\"rooms_titlespecial-text\" style=\" font-weight:300;\"><p>STANDARD<\/p>\n<\/div><div class=\"hb-divider__seperator\"><\/div><div  class=\"empty-space  marg-lg-b15 marg-md-b15 marg-sm-b10 marg-xs-b10\"><\/div><div  class=\"special-text\" style=\" font-weight:300;\"><p>Las habitaciones est\u00e1ndar son acogedoras y confortables, amuebladas con sencillez y gusto. Cuentan con aire acondicionado, frigor\u00edfico, caja fuerte, tel\u00e9fono, TV color y secador.<\/p>\n<p><a href=\"\/es\/rooms\/standard\/\"><em>descubrir m\u00e1s<\/em> &gt;<\/a><\/p>\n<\/div><\/div><\/div><\/div><\/div><div  class=\"empty-space  marg-lg-b90 marg-md-b70 marg-sm-b30 marg-xs-b30\"><\/div><div id=\"link2\" class=\"vc_row wpb_row vc_inner vc_row-fluid\"><div class=\"wpb_column vc_column_container vc_col-sm-4\"><div class=\"vc_column-inner\"><div class=\"wpb_wrapper\"><div  class=\"rooms_titlespecial-text\" style=\" font-weight:300;\"><p>STANDARD PLUS<\/p>\n<\/div><div class=\"hb-divider__seperator\"><\/div><div  class=\"empty-space  marg-lg-b15 marg-md-b15 marg-sm-b10 marg-xs-b10\"><\/div><div  class=\"special-text\" style=\" font-weight:300;\"><p>Las habitaciones Standard Plus son m\u00e1s amplias que las est\u00e1ndar y cuentan con una ubicaci\u00f3n mejor. Est\u00e1n equipadas con aire acondicionado, frigor\u00edfico, caja fuerte, tel\u00e9fono, TV color y secador de pelo.<\/p>\n<p><a href=\"\/es\/rooms\/deluxe\/\"><em>descubrir m\u00e1s<\/em> &gt;<\/a><\/p>\n<\/div><\/div><\/div><\/div><div class=\"wpb_column vc_column_container vc_col-sm-8\"><div class=\"vc_column-inner\"><div class=\"wpb_wrapper\">\n\t<div  class=\"wpb_single_image wpb_content_element vc_align_left\">\n\t\t\n\t\t<figure class=\"wpb_wrapper vc_figure\">\n\t\t\t<div class=\"vc_single_image-wrapper   vc_box_border_grey\"><img decoding=\"async\" width=\"1170\" height=\"685\" src=\"https:\/\/villafavoritanoto.it\/wp-content\/uploads\/2019\/03\/camera2.jpg\" class=\"vc_single_image-img attachment-full\" alt=\"\" srcset=\"https:\/\/villafavoritanoto.it\/wp-content\/uploads\/2019\/03\/camera2.jpg 1170w, https:\/\/villafavoritanoto.it\/wp-content\/uploads\/2019\/03\/camera2-300x176.jpg 300w, https:\/\/villafavoritanoto.it\/wp-content\/uploads\/2019\/03\/camera2-768x450.jpg 768w, https:\/\/villafavoritanoto.it\/wp-content\/uploads\/2019\/03\/camera2-1024x600.jpg 1024w\" sizes=\"(max-width: 1170px) 100vw, 1170px\" \/><\/div>\n\t\t<\/figure>\n\t<\/div>\n<div class=\"text-blockroom_linko\" ><div class=\"simple-text\"><p><a href=\"https:\/\/villafavoritanoto.it\/es\/rooms\/deluxe\/\">DELUXE<\/a><\/p>\n<\/div><\/div><\/div><\/div><\/div><\/div><div  class=\"empty-space  marg-lg-b90 marg-md-b70 marg-sm-b30 marg-xs-b30\"><\/div><div id=\"link3\" class=\"vc_row wpb_row vc_inner vc_row-fluid\"><div class=\"wpb_column vc_column_container vc_col-sm-8\"><div class=\"vc_column-inner\"><div class=\"wpb_wrapper\">\n\t<div  class=\"wpb_single_image wpb_content_element vc_align_left\">\n\t\t\n\t\t<figure class=\"wpb_wrapper vc_figure\">\n\t\t\t<div class=\"vc_single_image-wrapper   vc_box_border_grey\"><img decoding=\"async\" width=\"1170\" height=\"685\" src=\"https:\/\/villafavoritanoto.it\/wp-content\/uploads\/2019\/03\/camera3.jpg\" class=\"vc_single_image-img attachment-full\" alt=\"\" srcset=\"https:\/\/villafavoritanoto.it\/wp-content\/uploads\/2019\/03\/camera3.jpg 1170w, https:\/\/villafavoritanoto.it\/wp-content\/uploads\/2019\/03\/camera3-300x176.jpg 300w, https:\/\/villafavoritanoto.it\/wp-content\/uploads\/2019\/03\/camera3-768x450.jpg 768w, https:\/\/villafavoritanoto.it\/wp-content\/uploads\/2019\/03\/camera3-1024x600.jpg 1024w\" sizes=\"(max-width: 1170px) 100vw, 1170px\" \/><\/div>\n\t\t<\/figure>\n\t<\/div>\n<div class=\"text-blockroom_linko\" ><div class=\"simple-text\"><p><a href=\"https:\/\/villafavoritanoto.it\/es\/rooms\/superior\/\">SUPERIOR<\/a><\/p>\n<\/div><\/div><\/div><\/div><\/div><div class=\"wpb_column vc_column_container vc_col-sm-4\"><div class=\"vc_column-inner\"><div class=\"wpb_wrapper\"><div  class=\"rooms_titlespecial-text\" style=\" font-weight:300;\"><p>SUPERIOR<\/p>\n<\/div><div class=\"hb-divider__seperator\"><\/div><div  class=\"empty-space  marg-lg-b15 marg-md-b15 marg-sm-b10 marg-xs-b10\"><\/div><div  class=\"special-text\" style=\" font-weight:300;\"><p>Las habitaciones superiores son m\u00e1s amplias y ofrecen impresionantes vistas a Noto, al patio, a los naranjales y al mar. Est\u00e1n equipadas con todas las comodidades y un set de cortes\u00eda ampliado.<\/p>\n<p><a href=\"\/es\/rooms\/superior\/\"><em>descubrir m\u00e1s<\/em> &gt;<\/a><\/p>\n<\/div><\/div><\/div><\/div><\/div><div  class=\"empty-space  marg-lg-b90 marg-md-b70 marg-sm-b30 marg-xs-b30\"><\/div><div id=\"link4\" class=\"vc_row wpb_row vc_inner vc_row-fluid\"><div class=\"wpb_column vc_column_container vc_col-sm-4\"><div class=\"vc_column-inner\"><div class=\"wpb_wrapper\"><div  class=\"rooms_titlespecial-text\" style=\" font-weight:300;\"><p>MARCHESE &amp; MARCHESA<\/p>\n<\/div><div class=\"hb-divider__seperator\"><\/div><div  class=\"empty-space  marg-lg-b15 marg-md-b15 marg-sm-b10 marg-xs-b10\"><\/div><div  class=\"special-text\" style=\" font-weight:300;\"><p>Antiguamente utilizadas por el marqu\u00e9s y la marquesa durante sus estancias de verano en Villa Favorita, estas habitaciones son ahora dos dormitorios. Disfrutan de una vista privilegiada y de una amplia terraza.<\/p>\n<p><a href=\"\/es\/rooms\/marchese-marchesa\/\"><em>descubrir m\u00e1s<\/em> &gt;<\/a><\/p>\n<\/div><\/div><\/div><\/div><div class=\"wpb_column vc_column_container vc_col-sm-8\"><div class=\"vc_column-inner\"><div class=\"wpb_wrapper\">\n\t<div  class=\"wpb_single_image wpb_content_element vc_align_left\">\n\t\t\n\t\t<figure class=\"wpb_wrapper vc_figure\">\n\t\t\t<div class=\"vc_single_image-wrapper   vc_box_border_grey\"><img loading=\"lazy\" decoding=\"async\" width=\"1170\" height=\"685\" src=\"https:\/\/villafavoritanoto.it\/wp-content\/uploads\/2019\/03\/camera4.jpg\" class=\"vc_single_image-img attachment-full\" alt=\"\" srcset=\"https:\/\/villafavoritanoto.it\/wp-content\/uploads\/2019\/03\/camera4.jpg 1170w, https:\/\/villafavoritanoto.it\/wp-content\/uploads\/2019\/03\/camera4-300x176.jpg 300w, https:\/\/villafavoritanoto.it\/wp-content\/uploads\/2019\/03\/camera4-768x450.jpg 768w, https:\/\/villafavoritanoto.it\/wp-content\/uploads\/2019\/03\/camera4-1024x600.jpg 1024w\" sizes=\"(max-width: 1170px) 100vw, 1170px\" \/><\/div>\n\t\t<\/figure>\n\t<\/div>\n<div class=\"text-blockroom_linko\" ><div class=\"simple-text\"><p><a href=\"https:\/\/villafavoritanoto.it\/es\/rooms\/marchese-marchesa\/\">MARCHESE &amp; MARCHESA<\/a><\/p>\n<\/div><\/div><\/div><\/div><\/div><\/div><div  class=\"empty-space  marg-lg-b90 marg-md-b70 marg-sm-b30 marg-xs-b30\"><\/div><div id=\"link5\" class=\"vc_row wpb_row vc_inner vc_row-fluid\"><div class=\"wpb_column vc_column_container vc_col-sm-8\"><div class=\"vc_column-inner\"><div class=\"wpb_wrapper\">\n\t<div  class=\"wpb_single_image wpb_content_element vc_align_left\">\n\t\t\n\t\t<figure class=\"wpb_wrapper vc_figure\">\n\t\t\t<div class=\"vc_single_image-wrapper   vc_box_border_grey\"><img loading=\"lazy\" decoding=\"async\" width=\"1170\" height=\"685\" src=\"https:\/\/villafavoritanoto.it\/wp-content\/uploads\/2019\/03\/camera5.jpg\" class=\"vc_single_image-img attachment-full\" alt=\"\" srcset=\"https:\/\/villafavoritanoto.it\/wp-content\/uploads\/2019\/03\/camera5.jpg 1170w, https:\/\/villafavoritanoto.it\/wp-content\/uploads\/2019\/03\/camera5-300x176.jpg 300w, https:\/\/villafavoritanoto.it\/wp-content\/uploads\/2019\/03\/camera5-768x450.jpg 768w, https:\/\/villafavoritanoto.it\/wp-content\/uploads\/2019\/03\/camera5-1024x600.jpg 1024w\" sizes=\"(max-width: 1170px) 100vw, 1170px\" \/><\/div>\n\t\t<\/figure>\n\t<\/div>\n<div class=\"text-blockroom_linko\" ><div class=\"simple-text\"><p><a href=\"https:\/\/villafavoritanoto.it\/es\/rooms\/suite\/\">SUITE<\/a><\/p>\n<\/div><\/div><\/div><\/div><\/div><div class=\"wpb_column vc_column_container vc_col-sm-4\"><div class=\"vc_column-inner\"><div class=\"wpb_wrapper\"><div  class=\"rooms_titlespecial-text\" style=\" font-weight:300;\"><p>SUITE<\/p>\n<\/div><div class=\"hb-divider__seperator\"><\/div><div  class=\"empty-space  marg-lg-b15 marg-md-b15 marg-sm-b10 marg-xs-b10\"><\/div><div  class=\"special-text\" style=\" font-weight:300;\"><p>Habitaci\u00f3n doble suite con terraza con vistas al huerto de c\u00edtricos y al mar. El suelo es original de 1752 y el mobiliario est\u00e1 adornado con piezas \u00fanicas.<\/p>\n<p><a href=\"\/es\/rooms\/suite\/\"><em>descubrir m\u00e1s<\/em> &gt;<\/a><\/p>\n<\/div><\/div><\/div><\/div><\/div><div  class=\"empty-space  marg-lg-b90 marg-md-b70 marg-sm-b30 marg-xs-b30\"><\/div><\/div><\/div><\/div><\/div><div data-vc-full-width=\"true\" data-vc-full-width-init=\"false\" data-vc-stretch-content=\"true\" class=\"vc_row wpb_row vc_row-fluid vc_row-no-padding\"><\/div><div class=\"vc_row-full-width vc_clearfix\"><\/div>","protected":false},"excerpt":{"rendered":"Le nostre camere sono il frutto di una accurata ristrutturazione che ha avuto come obiettivo la salvaguardia della struttura originaria e il rispetto dei vincoli del Ministero dei beni culturali. Ogni camera \u00e8 unica e dotata di tutti i comfort. I bagni sono stati tutti recentemente rinnovati. STANDARD STANDARD Le camere standard sono accoglienti e [...]","protected":false},"author":1,"featured_media":0,"parent":0,"menu_order":0,"comment_status":"closed","ping_status":"closed","template":"","meta":{"footnotes":""},"class_list":["post-29074","page","type-page","status-publish","hentry"],"_links":{"self":[{"href":"https:\/\/villafavoritanoto.it\/es\/wp-json\/wp\/v2\/pages\/29074","targetHints":{"allow":["GET"]}}],"collection":[{"href":"https:\/\/villafavoritanoto.it\/es\/wp-json\/wp\/v2\/pages"}],"about":[{"href":"https:\/\/villafavoritanoto.it\/es\/wp-json\/wp\/v2\/types\/page"}],"author":[{"embeddable":true,"href":"https:\/\/villafavoritanoto.it\/es\/wp-json\/wp\/v2\/users\/1"}],"replies":[{"embeddable":true,"href":"https:\/\/villafavoritanoto.it\/es\/wp-json\/wp\/v2\/comments?post=29074"}],"version-history":[{"count":28,"href":"https:\/\/villafavoritanoto.it\/es\/wp-json\/wp\/v2\/pages\/29074\/revisions"}],"predecessor-version":[{"id":29628,"href":"https:\/\/villafavoritanoto.it\/es\/wp-json\/wp\/v2\/pages\/29074\/revisions\/29628"}],"wp:attachment":[{"href":"https:\/\/villafavoritanoto.it\/es\/wp-json\/wp\/v2\/media?parent=29074"}],"curies":[{"name":"wp","href":"https:\/\/api.w.org\/{rel}","templated":true}]}}