{"id":933,"date":"2018-04-30T23:56:08","date_gmt":"2018-04-30T21:56:08","guid":{"rendered":"http:\/\/themebubble.com\/demo\/hotelluxe\/?page_id=933"},"modified":"2019-05-09T16:40:10","modified_gmt":"2019-05-09T14:40:10","slug":"lavilla","status":"publish","type":"page","link":"https:\/\/villafavoritanoto.it\/de\/lavilla\/","title":{"rendered":"Die Villa"},"content":{"rendered":"<div data-vc-full-width=\"true\" data-vc-full-width-init=\"false\" data-vc-stretch-content=\"true\" class=\"vc_row wpb_row vc_row-fluid vc_custom_1551436368616 vc_row-has-fill vc_row-no-padding\"><div class=\"wpb_column vc_column_container vc_col-sm-12\"><div class=\"vc_column-inner\"><div class=\"wpb_wrapper\"><\/div><\/div><\/div><\/div><div class=\"vc_row-full-width vc_clearfix\"><\/div><div data-vc-full-width=\"true\" data-vc-full-width-init=\"false\" data-vc-stretch-content=\"true\" class=\"vc_row wpb_row vc_row-fluid vc_row-no-padding\"><div class=\"wpb_column vc_column_container vc_col-sm-12\"><div class=\"vc_column-inner\"><div class=\"wpb_wrapper\"><div  class=\"empty-space  marg-lg-b75 marg-xs-b50\"><\/div><\/div><\/div><\/div><\/div><div class=\"vc_row-full-width vc_clearfix\"><\/div><div class=\"vc_row wpb_row vc_row-fluid\"><div class=\"wpb_column vc_column_container vc_col-sm-2\"><div class=\"vc_column-inner\"><div class=\"wpb_wrapper\"><\/div><\/div><\/div><div class=\"wpb_column vc_column_container vc_col-sm-8\"><div class=\"vc_column-inner\"><div class=\"wpb_wrapper\"><div  class=\"home_textspecial-text\" style=\" font-weight:300;\"><div class=\"gdlr-item gdlr-content-item\">\n<p style=\"text-align: center;\">Das Relais Villa Favorita, die in der Val di Noto in Sizilien gelegen ist, entsteht durch die Wiederherstellung der historischen Villa aus dem 18. Jahrhundert aus dem Besitz der Familie Di Lorenzo Barone der Granieri und Marquise von Castellucio. Bis zum heutigen Tage ist die Villa durch die selbe Familie verwaltet und beherbergt.\n\nDer herrschaftliche Eingang mit seiner Mandelbaum Allee hebt die Einzigartigkeit des Relais Villa Favorita hervor. Die Zimmer, wie auch der Rest des Anwesens, haben den Cahrme der historischen Residenz erhalten auch im Angesicht des urspr\u00fcnglichen architektonischen Projekts und der gegebenen Vorschriften des Denkmalschutzes. Das Restaurant, au\u00dfer einem ger\u00e4umigen Innenraum bietet es eine fl\u00e4chige Terrasse, dass von der Zitrusplantage umgeben ist und von welcher auch das Meer zu sehen ist. Die K\u00fcche bietet sowohl ein \u00e0 la carte Menu mit Gerichten aus der Region als auch K\u00f6stlichkeiten und Weine aus eigener Produktion. Die gro\u00dfe Pool-Anlage bietet eine exklusive Sicht auf die Stadt Barocca di Noto. Der typisch italienische Garten vollendet die Atmosph\u00e4re der charakteristischen Ruhe der gesamten Anlage.\n\nDie Kapelle, die der Heiligen Agnes gewidmet ist, ist bis Dato vorhanden.<br \/>\nDas Relais ist 2,5km von Noto entfernt, Hauptstadt des sizilianischen Barocks und Weltkulturerbe der<a title=\"Go to Unesco.org\" href=\"http:\/\/whc.unesco.org\/en\/list\/1024\" target=\"_blank\" rel=\"noopener noreferrer\">UNESCO<\/a> seit 2002. Das Meer ist nur 5 Minuten entfernt und bietet ausgestattete Str\u00e4nde aber auch freie Str\u00e4nde an denen man die ununterscheidbaren Farben des Mittelmeers bewundern kann.<br \/>\nDie historische Residenz mit ihren besonderen Merkmalen ist der ideale Ort f\u00fcr einen Aufenthalt voller D\u00fcfte, Farben und Aromen Siziliens. Die Villa befindet sich in besonders strategischer Lage, die es erm\u00f6glicht, den S\u00fcdosten Siziliens, seine K\u00fcsten und die ganze Sch\u00f6nheit des sp\u00e4tbarocken Val di Noto zu entdecken.<\/p>\n<\/div>\n<\/div><div  class=\"empty-space  marg-lg-b65 marg-xs-b50\"><\/div><\/div><\/div><\/div><div class=\"wpb_column vc_column_container vc_col-sm-2\"><div class=\"vc_column-inner\"><div class=\"wpb_wrapper\"><\/div><\/div><\/div><\/div><div id=\"villa1\" class=\"vc_row wpb_row vc_row-fluid\"><div class=\"wpb_column vc_column_container vc_col-sm-6\"><div class=\"vc_column-inner\"><div class=\"wpb_wrapper\"><img decoding=\"async\"  class=\"img-responsive\" src=\"https:\/\/villafavoritanoto.it\/wp-content\/uploads\/2019\/05\/MG_5037.jpg\" alt=\"\"><\/div><\/div><\/div><div class=\"wpb_column vc_column_container vc_col-sm-6\"><div class=\"vc_column-inner\"><div class=\"wpb_wrapper\"><div class=\"hb-divider__seperator\"><\/div><div  class=\"title_headspecial-text\" style=\" font-weight:300;\"><p style=\"text-align: center;\">Die Villa Geschichte<\/p>\n<\/div><div class=\"hb-divider__seperator\"><\/div><div  class=\"empty-space  marg-xs-b20\"><\/div><div  class=\"box_headspecial-text\" style=\" font-weight:300;\"><p>Gelegen auf der via del mare ist die erste historische Residenz, die auf dem Weg von Noto nach Calarbernardo liegt. Das Ehemalige Lehen Falconaras, auf der die Villa Favorita einmal liegen sollte, war zum moment des Bebens im Jahre 1963 Eigentum des \u201eStates von d\u2019Avola\u201c. Es geh\u00f6rte unter anderem zu den L\u00e4ndereien der Pignatelli Aragona Cort\u00e9s, Marquise von d\u2019Avola, die von 1606 an verschiedene Teilungen des Lehens durchf\u00fchrten und diese an die Astutos und an adere Familien in Noto verteilten.\nVilla Favorita besteht in ihrem Gesamten aus drei Fabrikationslinien, strukturell eigenstehend und gelegen an den Seiten des Innenhofes. Das erste Geb\u00e4ude, mit angebauter Werkstatt, stammend aus dem Jahre 1752, wurde als Ferienst\u00e4tte von dem Netinischen Architekten Paolo Labisi konzipiert, aufgrund der renaissance-artigen Charakteristiken, die die Fabrik zeichnet. Die Haupt-Fassade der Residenz ist charakterisiert durch ein Erdgeschoss, das von einer gro\u00dfz\u00fcgigen Terrasse \u00fcberschaut wird von der drei Aufg\u00e4nge in das erste Obergeschoss f\u00fchren und zu einem Giebel aus Terrazzoplatten.<br \/>\nIm \u00f6stlichen Teil der Struktur befindet sich eine Kapelle die urspr\u00fcnglich eine umgedrehte Kelch-Kuppel hatte, die jedoch mit der Zeit sich nicht erhalten konnte.\n\nIm 19. Jahrhundert wurde die Villa und die anliegenden L\u00e4ndereien von den Di Lorenzo Barone der Granieri und Marquise des Castelluccio gekauft, die im Jahre 1882 das dritte Element der Fabrik baute und dieses Villa Granieri taufte. Diese befindet sich zwischen der Villa aus dem achtzehnten Jahrhundert und der Werkstatt.<\/p>\n<p>Giulia Dejean (1850-1932) in ihrer zweiten Ehe mit Giovanni Di Lorenzo Cannizzaro, Marquise von Costelluccio, erhob die drei Objekte, sanierte sie um ihren antiken Charme hervorzuheben und restaurierte die kleine Kappelle und widmete diese dem Kult der Heiligen Jungfrau und M\u00e4rtyrerin Agnes, welcher die Familie immer sehr verbunden war.\n\nIm Jahre 1932 wird das Grundst\u00fcck an ihre Familie weitergegeben als Teil ihrer Erbschaft und ist bis heutzutage in Familien Hand.<\/p>\n<p>(aus dem Buch \u201eLe Ville die Gattopardi \u2013 Ville Storiche Siciliane del Val di Noto\u201c von Francesca Gringeri Pantano)<\/p>\n<\/div><\/div><\/div><\/div><\/div><div id=\"villa2\" class=\"vc_row wpb_row vc_row-fluid\"><div class=\"wpb_column vc_column_container vc_col-sm-6\"><div class=\"vc_column-inner\"><div class=\"wpb_wrapper\"><div class=\"hb-divider__seperator\"><\/div><div  class=\"title_headspecial-text\" style=\" font-weight:300;\"><p style=\"text-align: center;\">Gastfreundschaft<\/p>\n<\/div><div class=\"hb-divider__seperator\"><\/div><div  class=\"empty-space  marg-xs-b20\"><\/div><div  class=\"box_headspecial-text\" style=\" font-weight:300;\"><p>Villa Favorita wurde als Ferienhaus gegr\u00fcndet und war schon immer im Besitz unserer Familie. Meine Gro\u00dfeltern zogen w\u00e4hrend der Sommermonate dorthin.<\/p>\n<p>Um Pl\u00fcnderungen zu vermeiden, wurde im Zweiten Weltkrieg beschlossen, die wichtigsten M\u00f6bel und Dekorationen durch Ummauern von T\u00fcren und Fenstern mitzunehmen. Die Villa blieb fast sechzig Jahre lang vernachl\u00e4ssigt. Vor f\u00fcnfzehn Jahren brachte der Mut und die Initiative meiner Eltern den alten Glanz zur\u00fcck.<\/p>\n<p>Seitdem ist es unser Bestreben, dieses historische Erbe zu bewahren und zu verbessern und seine Atmosph\u00e4re und Faszination mit unseren G\u00e4sten zu teilen, wie wir es einst getan haben, als wir Menschen aus der ganzen Welt begr\u00fc\u00dft haben.<\/p>\n<\/div><\/div><\/div><\/div><div class=\"wpb_column vc_column_container vc_col-sm-6\"><div class=\"vc_column-inner\"><div class=\"wpb_wrapper\"><img decoding=\"async\"  class=\"img-responsive\" src=\"https:\/\/villafavoritanoto.it\/wp-content\/uploads\/2019\/05\/MG_4575.jpg\" alt=\"\"><\/div><\/div><\/div><\/div>","protected":false},"excerpt":{"rendered":"Il Relais Villa Favorita, situato nella Val di Noto in Sicilia, nasce con la riconversione della villa storica del settecento di propriet\u00e0 della famiglia Di Lorenzo baroni di Granieri e marchesi del Castelluccio. Ad oggi la Villa \u00e8 gestita dalla discendenza della stessa famiglia. L\u2019ingresso padronale con il suo viale di mandorli annuncia l\u2019unicit\u00e0 del [...]","protected":false},"author":1,"featured_media":0,"parent":0,"menu_order":0,"comment_status":"closed","ping_status":"closed","template":"","meta":{"footnotes":""},"class_list":["post-933","page","type-page","status-publish","hentry"],"_links":{"self":[{"href":"https:\/\/villafavoritanoto.it\/de\/wp-json\/wp\/v2\/pages\/933","targetHints":{"allow":["GET"]}}],"collection":[{"href":"https:\/\/villafavoritanoto.it\/de\/wp-json\/wp\/v2\/pages"}],"about":[{"href":"https:\/\/villafavoritanoto.it\/de\/wp-json\/wp\/v2\/types\/page"}],"author":[{"embeddable":true,"href":"https:\/\/villafavoritanoto.it\/de\/wp-json\/wp\/v2\/users\/1"}],"replies":[{"embeddable":true,"href":"https:\/\/villafavoritanoto.it\/de\/wp-json\/wp\/v2\/comments?post=933"}],"version-history":[{"count":16,"href":"https:\/\/villafavoritanoto.it\/de\/wp-json\/wp\/v2\/pages\/933\/revisions"}],"predecessor-version":[{"id":29435,"href":"https:\/\/villafavoritanoto.it\/de\/wp-json\/wp\/v2\/pages\/933\/revisions\/29435"}],"wp:attachment":[{"href":"https:\/\/villafavoritanoto.it\/de\/wp-json\/wp\/v2\/media?parent=933"}],"curies":[{"name":"wp","href":"https:\/\/api.w.org\/{rel}","templated":true}]}}