{"id":29102,"date":"2019-03-12T13:40:06","date_gmt":"2019-03-12T12:40:06","guid":{"rendered":"http:\/\/1c3gsvebo.preview.infomaniak.website\/?page_id=29102"},"modified":"2019-05-09T16:40:32","modified_gmt":"2019-05-09T14:40:32","slug":"gastronomia","status":"publish","type":"page","link":"https:\/\/villafavoritanoto.it\/de\/gastronomia\/","title":{"rendered":"Gastronomie"},"content":{"rendered":"<div data-vc-full-width=\"true\" data-vc-full-width-init=\"false\" data-vc-stretch-content=\"true\" class=\"vc_row wpb_row vc_row-fluid vc_custom_1551436368616 vc_row-has-fill vc_row-no-padding\"><div class=\"wpb_column vc_column_container vc_col-sm-12\"><div class=\"vc_column-inner\"><div class=\"wpb_wrapper\"><\/div><\/div><\/div><\/div><div class=\"vc_row-full-width vc_clearfix\"><\/div><div data-vc-full-width=\"true\" data-vc-full-width-init=\"false\" data-vc-stretch-content=\"true\" class=\"vc_row wpb_row vc_row-fluid vc_row-no-padding\"><div class=\"wpb_column vc_column_container vc_col-sm-12\"><div class=\"vc_column-inner\"><div class=\"wpb_wrapper\"><div  class=\"empty-space  marg-lg-b75 marg-xs-b50\"><\/div><\/div><\/div><\/div><\/div><div class=\"vc_row-full-width vc_clearfix\"><\/div><div class=\"vc_row wpb_row vc_row-fluid\"><div class=\"wpb_column vc_column_container vc_col-sm-2\"><div class=\"vc_column-inner\"><div class=\"wpb_wrapper\"><\/div><\/div><\/div><div class=\"wpb_column vc_column_container vc_col-sm-8\"><div class=\"vc_column-inner\"><div class=\"wpb_wrapper\"><div  class=\"home_textspecial-text\" style=\" font-weight:300;\"><div class=\"gdlr-item gdlr-content-item\" style=\"text-align: center;\">Das Relais Villa Favorita bietet eine K\u00fcche, die der sizilianischen Tradition treu bleibt und durch unverf\u00e4lschte lokale Produkte bereichert wird aus dem eigenen Garten oder ausschlie\u00dflich aus der naheliegenden Region. Das Fr\u00fchst\u00fcck, das sowohl s\u00fc\u00dfe als auch salzige Spezialit\u00e4ten bietet zusammen mit einer Cafetteria auf Wunsch eine extrem vielf\u00e4ltige Auswahl der Umgebung aber auch S\u00fc\u00dfes aus eigen Produktion. Das Restaurant, au\u00dfer einem ger\u00e4umigen Innenraum, bietet eine fl\u00e4chige Terrasse, die von der Zitrusplantage umgeben ist, und \u00e0 la Carte Men\u00fc sowohl zum Mittag- als auch zum Abendessen an. Sowohl der Nero d\u2019Avola und Inzolia Wein als auch das Olio Extra Vergine di Oliva stammen aus dem eigenen Hause seit Generationen.<\/div>\n<\/div><div  class=\"empty-space  marg-lg-b65 marg-xs-b50\"><\/div><\/div><\/div><\/div><div class=\"wpb_column vc_column_container vc_col-sm-2\"><div class=\"vc_column-inner\"><div class=\"wpb_wrapper\"><\/div><\/div><\/div><\/div><div id=\"villa1\" class=\"vc_row wpb_row vc_row-fluid\"><div class=\"wpb_column vc_column_container vc_col-sm-6\"><div class=\"vc_column-inner\"><div class=\"wpb_wrapper\"><img decoding=\"async\"  class=\"img-responsive\" src=\"https:\/\/villafavoritanoto.it\/wp-content\/uploads\/2019\/03\/DSCF1305.jpg\" alt=\"\"><\/div><\/div><\/div><div class=\"wpb_column vc_column_container vc_col-sm-6\"><div class=\"vc_column-inner\"><div class=\"wpb_wrapper\"><div class=\"hb-divider__seperator\"><\/div><div  class=\"title_headspecial-text\" style=\" font-weight:300;\"><p style=\"text-align: center;\">Unser \u00d6l<\/p>\n<\/div><div class=\"hb-divider__seperator\"><\/div><div  class=\"empty-space  marg-xs-b20\"><\/div><div  class=\"box_headspecial-text\" style=\" font-weight:300;\"><p>Das \u00d6l ist Produkt des Olivenhains, das sich in dem Relais befindet und aus dem Land, das sich auf der gegen\u00fcberliegenden Stra\u00dfenseite entfaltet. Die eigene Produktion des \u00d6ls entstand urspr\u00fcnglich zum exklusiven Familien Bedarf, entfaltete sich mit der Zeit jedoch als einzige Ressource f\u00fcr den Betrieb.<\/p>\n<p>Das Eigene Extravergine \u00d6l unterscheidet sich durch seinen zarten aber authentischen Geschmack.<\/p>\n<\/div><\/div><\/div><\/div><\/div><div id=\"villa2\" class=\"vc_row wpb_row vc_row-fluid\"><div class=\"wpb_column vc_column_container vc_col-sm-6\"><div class=\"vc_column-inner\"><div class=\"wpb_wrapper\"><div class=\"hb-divider__seperator\"><\/div><div  class=\"title_headspecial-text\" style=\" font-weight:300;\"><p style=\"text-align: center;\">Wein<\/p>\n<\/div><div class=\"hb-divider__seperator\"><\/div><div  class=\"empty-space  marg-xs-b20\"><\/div><div  class=\"box_headspecial-text\" style=\" font-weight:300;\"><p>Wir Produzieren unseren Wein seit mehr als 30 Jahren nur aus Trauben der Val di Noto und gewinnen hierdurch den Nero d\u2019Avola und den Inzolia. Hinter dieser Produktion steckt eine tiefe Leidenschaft f\u00fcr den Wein und ein noch tieferes Wissen der Kenntnis der Besonderheit unseres Landes.<\/p>\n<p>Die Weinkarte bevorzugt kleinere Weing\u00fcter und ziehlt auf die Entfaltung aller Geschm\u00e4cker die Sizilien zu bieten hat.<\/p>\n<\/div><\/div><\/div><\/div><div class=\"wpb_column vc_column_container vc_col-sm-6\"><div class=\"vc_column-inner\"><div class=\"wpb_wrapper\"><img decoding=\"async\"  class=\"img-responsive\" src=\"https:\/\/villafavoritanoto.it\/wp-content\/uploads\/2019\/03\/DSCF1287-e1486124309184-1.jpg\" alt=\"\"><\/div><\/div><\/div><\/div><div id=\"villa3\" class=\"vc_row wpb_row vc_row-fluid\"><div class=\"wpb_column vc_column_container vc_col-sm-6\"><div class=\"vc_column-inner\"><div class=\"wpb_wrapper\"><img decoding=\"async\"  class=\"img-responsive\" src=\"https:\/\/villafavoritanoto.it\/wp-content\/uploads\/2019\/03\/DSCF1320-e1486123587265.jpg\" alt=\"\"><\/div><\/div><\/div><div class=\"wpb_column vc_column_container vc_col-sm-6\"><div class=\"vc_column-inner\"><div class=\"wpb_wrapper\"><div class=\"hb-divider__seperator\"><\/div><div  class=\"title_headspecial-text\" style=\" font-weight:300;\"><p style=\"text-align: center;\">Gem\u00fcse Garten<\/p>\n<\/div><div class=\"hb-divider__seperator\"><\/div><div  class=\"empty-space  marg-xs-b20\"><\/div><div  class=\"box_headspecial-text\" style=\" font-weight:300;\"><p>Seit jeher produzieren wir Bio Mandeln, Orangen, Zitronen und Mandarinen in dem Landgut gegen\u00fcber der Villa. In den letzten Jahren, motiviert durch den Drang mehr authentische Produkte anzubieten, haben wir unseren Gem\u00fcse Garten erweitert.<\/p>\n<p>Alle Zutaten unserer Gerichte, wenn nicht von uns selber hergestellt, stammen aus dem direkten Umfeld. Neuerdings haben wir auch einer H\u00fchnerhaltung eingef\u00fchrt mit 12 H\u00fchnern f\u00fcr frische Eier f\u00fcr das Fr\u00fchst\u00fcck!<\/p>\n<\/div><\/div><\/div><\/div><\/div><div id=\"villa4\" class=\"vc_row wpb_row vc_row-fluid\"><div class=\"wpb_column vc_column_container vc_col-sm-6\"><div class=\"vc_column-inner\"><div class=\"wpb_wrapper\"><div class=\"hb-divider__seperator\"><\/div><div  class=\"title_headspecial-text\" style=\" font-weight:300;\"><p style=\"text-align: center;\">Koch-Unterricht<\/p>\n<\/div><div class=\"hb-divider__seperator\"><\/div><div  class=\"empty-space  marg-xs-b20\"><\/div><div  class=\"box_headspecial-text\" style=\" font-weight:300;\"><p>Die Leidenschaft f\u00fcr die sizilianische K\u00fcche ist die Frucht der Erkenntnis, die von Generation zu Generation weitergegeben wird. Unsere G\u00e4ste, mit Reservierung, k\u00f6nnen in der Lage, eine professionelle K\u00fcche f\u00fcr eine Kochstunde der typischen lokalen Gerichte genie\u00dfen.<\/p>\n<p>In kleinen Gruppen von maximal sechs Personen werden Sie lernen, drei Kurse mit saisonalen Produkten vorzubereiten. Jede Vorbereitung wird von der Verkostung gefolgt und wird von Wein aus unserer eigenen Produktion begleitet werden<\/p>\n<\/div><\/div><\/div><\/div><div class=\"wpb_column vc_column_container vc_col-sm-6\"><div class=\"vc_column-inner\"><div class=\"wpb_wrapper\"><img decoding=\"async\"  class=\"img-responsive\" src=\"https:\/\/villafavoritanoto.it\/wp-content\/uploads\/2019\/03\/DSCF1517.jpg\" alt=\"\"><\/div><\/div><\/div><\/div>","protected":false},"excerpt":{"rendered":"Il Relais Villa Favorita offre una cucina fedele alla tradizione siciliana del luogo, impreziosita da prodotti genuini del proprio orto o a km0. La colazione a buffet continentale (sia dolce che salata) con caffetteria espressa su richiesta \u00e8 caratterizzata da una vasta scelta di prodotti del territtorio e di dolci di fatti in casa. Il [...]","protected":false},"author":1,"featured_media":0,"parent":0,"menu_order":0,"comment_status":"closed","ping_status":"closed","template":"","meta":{"footnotes":""},"class_list":["post-29102","page","type-page","status-publish","hentry"],"_links":{"self":[{"href":"https:\/\/villafavoritanoto.it\/de\/wp-json\/wp\/v2\/pages\/29102","targetHints":{"allow":["GET"]}}],"collection":[{"href":"https:\/\/villafavoritanoto.it\/de\/wp-json\/wp\/v2\/pages"}],"about":[{"href":"https:\/\/villafavoritanoto.it\/de\/wp-json\/wp\/v2\/types\/page"}],"author":[{"embeddable":true,"href":"https:\/\/villafavoritanoto.it\/de\/wp-json\/wp\/v2\/users\/1"}],"replies":[{"embeddable":true,"href":"https:\/\/villafavoritanoto.it\/de\/wp-json\/wp\/v2\/comments?post=29102"}],"version-history":[{"count":7,"href":"https:\/\/villafavoritanoto.it\/de\/wp-json\/wp\/v2\/pages\/29102\/revisions"}],"predecessor-version":[{"id":29436,"href":"https:\/\/villafavoritanoto.it\/de\/wp-json\/wp\/v2\/pages\/29102\/revisions\/29436"}],"wp:attachment":[{"href":"https:\/\/villafavoritanoto.it\/de\/wp-json\/wp\/v2\/media?parent=29102"}],"curies":[{"name":"wp","href":"https:\/\/api.w.org\/{rel}","templated":true}]}}